{"id":11,"date":"2009-01-07T11:36:36","date_gmt":"2009-01-07T10:36:36","guid":{"rendered":"http:\/\/www.neu.schwimmverein-friedrichsthal.de\/?page_id=11"},"modified":"2025-09-10T09:18:28","modified_gmt":"2025-09-10T08:18:28","slug":"unser-angebot","status":"publish","type":"page","link":"https:\/\/www.schwimmverein-friedrichsthal.de\/?page_id=11","title":{"rendered":"Unser Angebot"},"content":{"rendered":"<table border=\"0\">\n<tbody>\n<tr>\n<td width=\"460\">\n<p align=\"left\"><strong>Wettkampf-Schwimmen<\/strong><\/p>\n<p align=\"left\">Der SVF geh\u00f6rte viele Jahre lang zu den erfolgreichsten<br \/>\nSchwimmvereinen der Region. Nach einigen schwierigen Jahren befindet sich die Abteilung im Wiederaufbau und verzeichnet erste Erfolge.<strong> <a href=\"https:\/\/www.schwimmverein-friedrichsthal.de\/?page_id=93\">[Weiter&#8230;]<\/a><\/strong><\/p>\n<\/td>\n<td valign=\"middle\" width=\"150\"><img loading=\"lazy\" decoding=\"async\" class=\"aligncenter\" title=\"Wettkampf-Schwimmen\" src=\"https:\/\/www.schwimmverein-friedrichsthal.de\/wp-content\/uploads\/2009\/01\/wettkampf.jpg\" alt=\"Wettkampf-Schwimmen\" width=\"150\" height=\"100\" \/><\/td>\n<\/tr>\n<tr>\n<td><strong>Freizeit-Schwimmen<\/strong>Schwimmen z\u00e4hlt zu den ges\u00fcndesten Sportarten \u00fcberhaupt. Au\u00dferdem ist es bestens zur Erhaltung und Steigerung der Fitness geeignet. Der SVF bietet allen Schwimm-Interessierten Gelegenheit Schwimmen<br \/>\nim Verein zu erleben. Auch ohne an Wettk\u00e4mpfen teilzunehmen. <a href=\"https:\/\/www.schwimmverein-friedrichsthal.de\/?page_id=29\"><strong>[Weiter&#8230;]<\/strong><\/a><\/td>\n<td width=\"150\"><img loading=\"lazy\" decoding=\"async\" class=\"aligncenter size-full wp-image-81\" title=\"Freizeit-Schwimmen\" src=\"https:\/\/www.schwimmverein-friedrichsthal.de\/wp-content\/uploads\/2009\/01\/freizeit.jpg\" alt=\"Freizeit-Schwimmen\" width=\"150\" height=\"99\" \/><\/td>\n<\/tr>\n<tr>\n<td><strong>Senioren &#8211; Schwimmen<\/strong>Insbesondere f\u00fcr alle, die dem Jugendalter bereits entwachsen sind, ist Schwimmen die ideale sportliche Bet\u00e4tigung. Es wird der ganze K\u00f6rper trainiert, aber ohne Belastung von Gelenken, B\u00e4ndern und Sehnen. In unserem Senioren-Training tummeln sich &#8222;Jung-Senioren&#8220;<br \/>\n(20+) bis &#8222;Methusalems&#8220; (70+). Auch die Teilnahme an Senioren-Wettk\u00e4mpfen ist m\u00f6glich.<\/td>\n<td><\/td>\n<\/tr>\n<tr>\n<td><strong>Schwimmunterricht\/Wassergew\u00f6hnung<\/strong>Ein Herzst\u00fcck unseres Vereins stellt die Ausbildung von Neuschwimmern dar. Jedes Jahr bieten wir Schwimmunterricht f\u00fcr Kinder und bei Bedarf auch f\u00fcr Erwachsene. <strong>\u00a0<a href=\"https:\/\/www.schwimmverein-friedrichsthal.de\/?page_id=74\">[Weiter&#8230;]<\/a><\/strong><\/td>\n<td align=\"right\" valign=\"middle\"><img loading=\"lazy\" decoding=\"async\" class=\"aligncenter size-full wp-image-82\" title=\"Schwimmkurse\" src=\"https:\/\/www.schwimmverein-friedrichsthal.de\/wp-content\/uploads\/2009\/01\/schwimmkurs.jpg\" alt=\"Schwimmkurse\" width=\"150\" height=\"112\" \/><\/td>\n<\/tr>\n<tr>\n<td><\/td>\n<td valign=\"middle\"><\/td>\n<\/tr>\n<tr>\n<td><strong>Wasserball<\/strong>Auch wenn Wasserball eine Randsportart darstellt, f\u00fcr die, die es betreiben ist es wie eine Sucht. Der SVF nimmt seit 2010 wieder erfolgreich am Ligabetrieb und zahlreichen Turnieren teil. Wichtig ist neben dem Sport auch das Gesellige&#8230; <a href=\"https:\/\/www.schwimmverein-friedrichsthal.de\/?page_id=108\"><strong>[Weiter&#8230;]<\/strong><\/a><\/td>\n<td valign=\"middle\"><img loading=\"lazy\" decoding=\"async\" class=\"aligncenter size-full wp-image-84\" title=\"Wasserball\" src=\"https:\/\/www.schwimmverein-friedrichsthal.de\/wp-content\/uploads\/2009\/01\/wasserball.jpg\" alt=\"Wasserball\" width=\"150\" height=\"100\" \/><\/td>\n<\/tr>\n<tr>\n<td><strong>Rettungsschwimmen (DLRG)<\/strong>Seit rund 30 Jahren Tradition hat das Rettungsschwimmen im SVF. Als Untergliederung der DLRG Saar, Bezirk Saarbr\u00fccken, bilden wir Rettungsschwimmer<br \/>\naus und nehmen am Wachdienst der DLRG an den Stauseen Losheim und Bostalsee teil. <a href=\"https:\/\/www.schwimmverein-friedrichsthal.de\/?page_id=115\"><strong>[Weiter&#8230;]<\/strong><\/a><\/td>\n<td valign=\"middle\"><img loading=\"lazy\" decoding=\"async\" class=\"aligncenter size-full wp-image-85\" title=\"Rettungsschwimmen\" src=\"https:\/\/www.schwimmverein-friedrichsthal.de\/wp-content\/uploads\/2009\/01\/dlrg.jpg\" alt=\"Rettungsschwimmen\" width=\"150\" height=\"113\" \/><\/td>\n<\/tr>\n<tr>\n<td><strong>Tanzen<\/strong>Eigentlich hat doch Tanzen gar nichts mit dem nassen Element zu tun?! Richtig, aber trotzdem gibt es im SVF eine Tanzsport-Abteilung. Hier lernt man unter fachm\u00e4nnischer Anleitung das &#8222;Tanzbein zu schwingen&#8220;. Eine ideale Art, als Paar Sport zu treiben. <a href=\"https:\/\/www.schwimmverein-friedrichsthal.de\/?page_id=119\"><strong>[Weiter&#8230;]<\/strong><\/a><\/td>\n<td valign=\"middle\"><img loading=\"lazy\" decoding=\"async\" class=\"aligncenter size-full wp-image-86\" title=\"Tanzen\" src=\"https:\/\/www.schwimmverein-friedrichsthal.de\/wp-content\/uploads\/2009\/01\/tanzen.jpg\" alt=\"Tanzen\" width=\"150\" height=\"112\" \/><\/td>\n<\/tr>\n<\/tbody>\n<\/table>\n","protected":false},"excerpt":{"rendered":"<p>Wettkampf-Schwimmen Der SVF geh\u00f6rte viele Jahre lang zu den erfolgreichsten Schwimmvereinen der Region. Nach einigen schwierigen Jahren befindet sich die [&hellip;]<\/p>\n","protected":false},"author":1,"featured_media":0,"parent":0,"menu_order":1,"comment_status":"closed","ping_status":"open","template":"","meta":{"site-sidebar-layout":"default","site-content-layout":"","ast-site-content-layout":"","site-content-style":"default","site-sidebar-style":"default","ast-global-header-display":"","ast-banner-title-visibility":"","ast-main-header-display":"","ast-hfb-above-header-display":"","ast-hfb-below-header-display":"","ast-hfb-mobile-header-display":"","site-post-title":"","ast-breadcrumbs-content":"","ast-featured-img":"","footer-sml-layout":"","theme-transparent-header-meta":"","adv-header-id-meta":"","stick-header-meta":"","header-above-stick-meta":"","header-main-stick-meta":"","header-below-stick-meta":"","astra-migrate-meta-layouts":"default","ast-page-background-enabled":"default","ast-page-background-meta":{"desktop":{"background-color":"var(--ast-global-color-4)","background-image":"","background-repeat":"repeat","background-position":"center center","background-size":"auto","background-attachment":"scroll","background-type":"","background-media":"","overlay-type":"","overlay-color":"","overlay-opacity":"","overlay-gradient":""},"tablet":{"background-color":"","background-image":"","background-repeat":"repeat","background-position":"center center","background-size":"auto","background-attachment":"scroll","background-type":"","background-media":"","overlay-type":"","overlay-color":"","overlay-opacity":"","overlay-gradient":""},"mobile":{"background-color":"","background-image":"","background-repeat":"repeat","background-position":"center center","background-size":"auto","background-attachment":"scroll","background-type":"","background-media":"","overlay-type":"","overlay-color":"","overlay-opacity":"","overlay-gradient":""}},"ast-content-background-meta":{"desktop":{"background-color":"var(--ast-global-color-5)","background-image":"","background-repeat":"repeat","background-position":"center center","background-size":"auto","background-attachment":"scroll","background-type":"","background-media":"","overlay-type":"","overlay-color":"","overlay-opacity":"","overlay-gradient":""},"tablet":{"background-color":"var(--ast-global-color-5)","background-image":"","background-repeat":"repeat","background-position":"center center","background-size":"auto","background-attachment":"scroll","background-type":"","background-media":"","overlay-type":"","overlay-color":"","overlay-opacity":"","overlay-gradient":""},"mobile":{"background-color":"var(--ast-global-color-5)","background-image":"","background-repeat":"repeat","background-position":"center center","background-size":"auto","background-attachment":"scroll","background-type":"","background-media":"","overlay-type":"","overlay-color":"","overlay-opacity":"","overlay-gradient":""}},"footnotes":""},"class_list":["post-11","page","type-page","status-publish","hentry"],"_links":{"self":[{"href":"https:\/\/www.schwimmverein-friedrichsthal.de\/index.php?rest_route=\/wp\/v2\/pages\/11"}],"collection":[{"href":"https:\/\/www.schwimmverein-friedrichsthal.de\/index.php?rest_route=\/wp\/v2\/pages"}],"about":[{"href":"https:\/\/www.schwimmverein-friedrichsthal.de\/index.php?rest_route=\/wp\/v2\/types\/page"}],"author":[{"embeddable":true,"href":"https:\/\/www.schwimmverein-friedrichsthal.de\/index.php?rest_route=\/wp\/v2\/users\/1"}],"replies":[{"embeddable":true,"href":"https:\/\/www.schwimmverein-friedrichsthal.de\/index.php?rest_route=%2Fwp%2Fv2%2Fcomments&post=11"}],"version-history":[{"count":23,"href":"https:\/\/www.schwimmverein-friedrichsthal.de\/index.php?rest_route=\/wp\/v2\/pages\/11\/revisions"}],"predecessor-version":[{"id":5725,"href":"https:\/\/www.schwimmverein-friedrichsthal.de\/index.php?rest_route=\/wp\/v2\/pages\/11\/revisions\/5725"}],"wp:attachment":[{"href":"https:\/\/www.schwimmverein-friedrichsthal.de\/index.php?rest_route=%2Fwp%2Fv2%2Fmedia&parent=11"}],"curies":[{"name":"wp","href":"https:\/\/api.w.org\/{rel}","templated":true}]}}