{"id":115,"date":"2009-01-07T16:55:15","date_gmt":"2009-01-07T15:55:15","guid":{"rendered":"http:\/\/www.neu.schwimmverein-friedrichsthal.de\/?page_id=115"},"modified":"2018-05-27T20:57:21","modified_gmt":"2018-05-27T19:57:21","slug":"rettungsschwimmen-dlrg","status":"publish","type":"page","link":"https:\/\/www.schwimmverein-friedrichsthal.de\/?page_id=115","title":{"rendered":"Rettungsschwimmen (DLRG)"},"content":{"rendered":"<p>Seit rund 30 Jahren Tradition hat das Rettungsschwimmen im SVF. Die DLRG Ortsgruppe ist eine Untergliederung der DLRG Saar, Bezirk Saarbr\u00fccken und bildet Rettungsschwimmer aus und nimmt am Wachdienst der DLRG an den Stauseen Losheim und Bostalsee teil.<\/p>\n<p><img loading=\"lazy\" decoding=\"async\" class=\"aligncenter size-full wp-image-116\" title=\"Rettungsschwimmen 1\" src=\"https:\/\/www.schwimmverein-friedrichsthal.de\/wp-content\/uploads\/2009\/01\/dlrg1.jpg\" alt=\"Rettungsschwimmen 1\" width=\"500\" height=\"377\" srcset=\"https:\/\/www.schwimmverein-friedrichsthal.de\/wp-content\/uploads\/2009\/01\/dlrg1.jpg 500w, https:\/\/www.schwimmverein-friedrichsthal.de\/wp-content\/uploads\/2009\/01\/dlrg1-300x226.jpg 300w\" sizes=\"(max-width: 500px) 100vw, 500px\" \/><\/p>\n<p>In der DLRG-Ortsgruppe Friedrichsthal k\u00f6nnen selbstverst\u00e4ndlich auch die Rettungsschwimm-Ausbildungen (Grund-, Leistungsschein) absolviert werden.<\/p>\n<p>Die Ausbildung umfasst alle Bereiche des Rettungsschwimmens: Befreiungsgriffe, Abschleppen, Anlandbringen, HLW (Herz-Lungen-Wiederbelebung). Au\u00dferdem steht auch die Erste-Hilfe oder Erst-Helfer-Ausbildung auf dem Programm.<\/p>\n<p>Damit das alles nicht nur graue Theorie bleibt, werden die erlernten F\u00e4higkeiten auch in der Praxis eingesetzt. So \u00fcbernehmen einige der Aktiven im Freibad in Friedrichsthal die Beckenaufsicht. Auch stehen Wachdienste an den saarl\u00e4ndischen Stauseen auf dem Programm.<\/p>\n<p><img loading=\"lazy\" decoding=\"async\" class=\"aligncenter size-full wp-image-117\" title=\"Rettungsschwimmen 2\" src=\"https:\/\/www.schwimmverein-friedrichsthal.de\/wp-content\/uploads\/2009\/01\/dlrg3.jpg\" alt=\"Rettungsschwimmen 2\" width=\"500\" height=\"333\" srcset=\"https:\/\/www.schwimmverein-friedrichsthal.de\/wp-content\/uploads\/2009\/01\/dlrg3.jpg 500w, https:\/\/www.schwimmverein-friedrichsthal.de\/wp-content\/uploads\/2009\/01\/dlrg3-300x199.jpg 300w\" sizes=\"(max-width: 500px) 100vw, 500px\" \/><\/p>\n<p>Trainingszeit: Montag 19.00 &#8211; 20.00 Uhr<\/p>\n","protected":false},"excerpt":{"rendered":"<p>Seit rund 30 Jahren Tradition hat das Rettungsschwimmen im SVF. Die DLRG Ortsgruppe ist eine Untergliederung der DLRG Saar, Bezirk [&hellip;]<\/p>\n","protected":false},"author":1,"featured_media":0,"parent":11,"menu_order":7,"comment_status":"closed","ping_status":"closed","template":"","meta":{"site-sidebar-layout":"default","site-content-layout":"","ast-site-content-layout":"","site-content-style":"default","site-sidebar-style":"default","ast-global-header-display":"","ast-banner-title-visibility":"","ast-main-header-display":"","ast-hfb-above-header-display":"","ast-hfb-below-header-display":"","ast-hfb-mobile-header-display":"","site-post-title":"","ast-breadcrumbs-content":"","ast-featured-img":"","footer-sml-layout":"","theme-transparent-header-meta":"","adv-header-id-meta":"","stick-header-meta":"","header-above-stick-meta":"","header-main-stick-meta":"","header-below-stick-meta":"","astra-migrate-meta-layouts":"default","ast-page-background-enabled":"default","ast-page-background-meta":{"desktop":{"background-color":"var(--ast-global-color-4)","background-image":"","background-repeat":"repeat","background-position":"center center","background-size":"auto","background-attachment":"scroll","background-type":"","background-media":"","overlay-type":"","overlay-color":"","overlay-opacity":"","overlay-gradient":""},"tablet":{"background-color":"","background-image":"","background-repeat":"repeat","background-position":"center center","background-size":"auto","background-attachment":"scroll","background-type":"","background-media":"","overlay-type":"","overlay-color":"","overlay-opacity":"","overlay-gradient":""},"mobile":{"background-color":"","background-image":"","background-repeat":"repeat","background-position":"center center","background-size":"auto","background-attachment":"scroll","background-type":"","background-media":"","overlay-type":"","overlay-color":"","overlay-opacity":"","overlay-gradient":""}},"ast-content-background-meta":{"desktop":{"background-color":"var(--ast-global-color-5)","background-image":"","background-repeat":"repeat","background-position":"center center","background-size":"auto","background-attachment":"scroll","background-type":"","background-media":"","overlay-type":"","overlay-color":"","overlay-opacity":"","overlay-gradient":""},"tablet":{"background-color":"var(--ast-global-color-5)","background-image":"","background-repeat":"repeat","background-position":"center center","background-size":"auto","background-attachment":"scroll","background-type":"","background-media":"","overlay-type":"","overlay-color":"","overlay-opacity":"","overlay-gradient":""},"mobile":{"background-color":"var(--ast-global-color-5)","background-image":"","background-repeat":"repeat","background-position":"center center","background-size":"auto","background-attachment":"scroll","background-type":"","background-media":"","overlay-type":"","overlay-color":"","overlay-opacity":"","overlay-gradient":""}},"footnotes":""},"class_list":["post-115","page","type-page","status-publish","hentry"],"_links":{"self":[{"href":"https:\/\/www.schwimmverein-friedrichsthal.de\/index.php?rest_route=\/wp\/v2\/pages\/115"}],"collection":[{"href":"https:\/\/www.schwimmverein-friedrichsthal.de\/index.php?rest_route=\/wp\/v2\/pages"}],"about":[{"href":"https:\/\/www.schwimmverein-friedrichsthal.de\/index.php?rest_route=\/wp\/v2\/types\/page"}],"author":[{"embeddable":true,"href":"https:\/\/www.schwimmverein-friedrichsthal.de\/index.php?rest_route=\/wp\/v2\/users\/1"}],"replies":[{"embeddable":true,"href":"https:\/\/www.schwimmverein-friedrichsthal.de\/index.php?rest_route=%2Fwp%2Fv2%2Fcomments&post=115"}],"version-history":[{"count":3,"href":"https:\/\/www.schwimmverein-friedrichsthal.de\/index.php?rest_route=\/wp\/v2\/pages\/115\/revisions"}],"predecessor-version":[{"id":4701,"href":"https:\/\/www.schwimmverein-friedrichsthal.de\/index.php?rest_route=\/wp\/v2\/pages\/115\/revisions\/4701"}],"up":[{"embeddable":true,"href":"https:\/\/www.schwimmverein-friedrichsthal.de\/index.php?rest_route=\/wp\/v2\/pages\/11"}],"wp:attachment":[{"href":"https:\/\/www.schwimmverein-friedrichsthal.de\/index.php?rest_route=%2Fwp%2Fv2%2Fmedia&parent=115"}],"curies":[{"name":"wp","href":"https:\/\/api.w.org\/{rel}","templated":true}]}}