{"id":119,"date":"2009-01-07T16:57:29","date_gmt":"2009-01-07T15:57:29","guid":{"rendered":"http:\/\/www.neu.schwimmverein-friedrichsthal.de\/?page_id=119"},"modified":"2024-02-05T19:28:37","modified_gmt":"2024-02-05T18:28:37","slug":"tanzen-2","status":"publish","type":"page","link":"https:\/\/www.schwimmverein-friedrichsthal.de\/?page_id=119","title":{"rendered":"Tanzen"},"content":{"rendered":"<p><strong>Eigentlich hat doch Tanzen gar nichts mit dem nassen Element zu tun?! Richtig, aber trotzdem gibt es im SVF eine Tanzsport-Abteilung. <\/strong><\/p>\n<p><a href=\"https:\/\/www.schwimmverein-friedrichsthal.de\/wp-content\/uploads\/2022\/02\/Tanzen1.jpg\"><img loading=\"lazy\" decoding=\"async\" class=\"aligncenter size-full wp-image-5414\" src=\"https:\/\/www.schwimmverein-friedrichsthal.de\/wp-content\/uploads\/2022\/02\/Tanzen1.jpg\" alt=\"\" width=\"1080\" height=\"1350\" srcset=\"https:\/\/www.schwimmverein-friedrichsthal.de\/wp-content\/uploads\/2022\/02\/Tanzen1.jpg 1080w, https:\/\/www.schwimmverein-friedrichsthal.de\/wp-content\/uploads\/2022\/02\/Tanzen1-240x300.jpg 240w, https:\/\/www.schwimmverein-friedrichsthal.de\/wp-content\/uploads\/2022\/02\/Tanzen1-819x1024.jpg 819w, https:\/\/www.schwimmverein-friedrichsthal.de\/wp-content\/uploads\/2022\/02\/Tanzen1-768x960.jpg 768w\" sizes=\"(max-width: 1080px) 100vw, 1080px\" \/><\/a><\/p>\n<p><strong>Warum Tanzen lernen?<\/strong><\/p>\n<p><strong>Tanzen lernen macht Spa\u00df <\/strong><strong>\ud83d\ude0a<\/strong><strong>!<\/strong><\/p>\n<p><strong>Beim Tanzen bekommst du einen straffen K\u00f6rper. Tanzen macht schlau <\/strong><strong>\ud83e\udde0<\/strong><strong>: es ist erwiesen, dass Tanzen dein Ged\u00e4chtnis fit h\u00e4lt. Tanzen verbessert deine K\u00f6rperhaltung. Tanzen verleiht dir neues Selbstbewusstsein. <\/strong><strong>Tanzen\u00a0h\u00e4lt den Kreislauf im Gang, st\u00e4rkt\u00a0 Ausdauer, Beweglichkeit, Muskeln und Gelenke.<\/strong><\/p>\n<p><strong>Was wird getanzt?<\/strong><\/p>\n<p><strong>Standard, Latein, Salsa, Boogie,\u00a0 Linedance freestyle u.v.m. unter Anleitung unseres lizenzierten Tanzsporttrainers Michel Lorenc. <\/strong><strong>Das Angebot reicht vom Anf\u00e4nger- bis zum Fortgeschrittenenniveau.<\/strong><\/p>\n<p><a href=\"https:\/\/www.schwimmverein-friedrichsthal.de\/wp-content\/uploads\/2022\/02\/Tanzen2-scaled.jpg\"><img loading=\"lazy\" decoding=\"async\" class=\"aligncenter size-full wp-image-5415\" src=\"https:\/\/www.schwimmverein-friedrichsthal.de\/wp-content\/uploads\/2022\/02\/Tanzen2-scaled.jpg\" alt=\"\" width=\"1768\" height=\"2560\" srcset=\"https:\/\/www.schwimmverein-friedrichsthal.de\/wp-content\/uploads\/2022\/02\/Tanzen2-scaled.jpg 1768w, https:\/\/www.schwimmverein-friedrichsthal.de\/wp-content\/uploads\/2022\/02\/Tanzen2-207x300.jpg 207w, https:\/\/www.schwimmverein-friedrichsthal.de\/wp-content\/uploads\/2022\/02\/Tanzen2-707x1024.jpg 707w, https:\/\/www.schwimmverein-friedrichsthal.de\/wp-content\/uploads\/2022\/02\/Tanzen2-768x1112.jpg 768w, https:\/\/www.schwimmverein-friedrichsthal.de\/wp-content\/uploads\/2022\/02\/Tanzen2-1061x1536.jpg 1061w, https:\/\/www.schwimmverein-friedrichsthal.de\/wp-content\/uploads\/2022\/02\/Tanzen2-1414x2048.jpg 1414w\" sizes=\"(max-width: 1768px) 100vw, 1768px\" \/><\/a><\/p>\n<p><strong>Trainingszeiten: Sonntag 18.00 \u2013 21.00 Uhr, im<\/strong>\u00a0<strong>Luther-Haus in Friedrichsthal<\/strong><\/p>\n<p><a href=\"https:\/\/www.schwimmverein-friedrichsthal.de\/wp-content\/uploads\/2022\/02\/Tanzen3.jpg\"><img loading=\"lazy\" decoding=\"async\" class=\"aligncenter size-full wp-image-5416\" src=\"https:\/\/www.schwimmverein-friedrichsthal.de\/wp-content\/uploads\/2022\/02\/Tanzen3.jpg\" alt=\"\" width=\"1506\" height=\"2309\" srcset=\"https:\/\/www.schwimmverein-friedrichsthal.de\/wp-content\/uploads\/2022\/02\/Tanzen3.jpg 1506w, https:\/\/www.schwimmverein-friedrichsthal.de\/wp-content\/uploads\/2022\/02\/Tanzen3-196x300.jpg 196w, https:\/\/www.schwimmverein-friedrichsthal.de\/wp-content\/uploads\/2022\/02\/Tanzen3-668x1024.jpg 668w, https:\/\/www.schwimmverein-friedrichsthal.de\/wp-content\/uploads\/2022\/02\/Tanzen3-768x1177.jpg 768w, https:\/\/www.schwimmverein-friedrichsthal.de\/wp-content\/uploads\/2022\/02\/Tanzen3-1002x1536.jpg 1002w, https:\/\/www.schwimmverein-friedrichsthal.de\/wp-content\/uploads\/2022\/02\/Tanzen3-1336x2048.jpg 1336w\" sizes=\"(max-width: 1506px) 100vw, 1506px\" \/><\/a><\/p>\n","protected":false},"excerpt":{"rendered":"<p>Eigentlich hat doch Tanzen gar nichts mit dem nassen Element zu tun?! Richtig, aber trotzdem gibt es im SVF eine [&hellip;]<\/p>\n","protected":false},"author":1,"featured_media":0,"parent":11,"menu_order":8,"comment_status":"closed","ping_status":"closed","template":"","meta":{"site-sidebar-layout":"default","site-content-layout":"","ast-site-content-layout":"","site-content-style":"default","site-sidebar-style":"default","ast-global-header-display":"","ast-banner-title-visibility":"","ast-main-header-display":"","ast-hfb-above-header-display":"","ast-hfb-below-header-display":"","ast-hfb-mobile-header-display":"","site-post-title":"","ast-breadcrumbs-content":"","ast-featured-img":"","footer-sml-layout":"","theme-transparent-header-meta":"","adv-header-id-meta":"","stick-header-meta":"","header-above-stick-meta":"","header-main-stick-meta":"","header-below-stick-meta":"","astra-migrate-meta-layouts":"default","ast-page-background-enabled":"default","ast-page-background-meta":{"desktop":{"background-color":"var(--ast-global-color-4)","background-image":"","background-repeat":"repeat","background-position":"center center","background-size":"auto","background-attachment":"scroll","background-type":"","background-media":"","overlay-type":"","overlay-color":"","overlay-opacity":"","overlay-gradient":""},"tablet":{"background-color":"","background-image":"","background-repeat":"repeat","background-position":"center center","background-size":"auto","background-attachment":"scroll","background-type":"","background-media":"","overlay-type":"","overlay-color":"","overlay-opacity":"","overlay-gradient":""},"mobile":{"background-color":"","background-image":"","background-repeat":"repeat","background-position":"center center","background-size":"auto","background-attachment":"scroll","background-type":"","background-media":"","overlay-type":"","overlay-color":"","overlay-opacity":"","overlay-gradient":""}},"ast-content-background-meta":{"desktop":{"background-color":"var(--ast-global-color-5)","background-image":"","background-repeat":"repeat","background-position":"center center","background-size":"auto","background-attachment":"scroll","background-type":"","background-media":"","overlay-type":"","overlay-color":"","overlay-opacity":"","overlay-gradient":""},"tablet":{"background-color":"var(--ast-global-color-5)","background-image":"","background-repeat":"repeat","background-position":"center center","background-size":"auto","background-attachment":"scroll","background-type":"","background-media":"","overlay-type":"","overlay-color":"","overlay-opacity":"","overlay-gradient":""},"mobile":{"background-color":"var(--ast-global-color-5)","background-image":"","background-repeat":"repeat","background-position":"center center","background-size":"auto","background-attachment":"scroll","background-type":"","background-media":"","overlay-type":"","overlay-color":"","overlay-opacity":"","overlay-gradient":""}},"footnotes":""},"class_list":["post-119","page","type-page","status-publish","hentry"],"_links":{"self":[{"href":"https:\/\/www.schwimmverein-friedrichsthal.de\/index.php?rest_route=\/wp\/v2\/pages\/119"}],"collection":[{"href":"https:\/\/www.schwimmverein-friedrichsthal.de\/index.php?rest_route=\/wp\/v2\/pages"}],"about":[{"href":"https:\/\/www.schwimmverein-friedrichsthal.de\/index.php?rest_route=\/wp\/v2\/types\/page"}],"author":[{"embeddable":true,"href":"https:\/\/www.schwimmverein-friedrichsthal.de\/index.php?rest_route=\/wp\/v2\/users\/1"}],"replies":[{"embeddable":true,"href":"https:\/\/www.schwimmverein-friedrichsthal.de\/index.php?rest_route=%2Fwp%2Fv2%2Fcomments&post=119"}],"version-history":[{"count":6,"href":"https:\/\/www.schwimmverein-friedrichsthal.de\/index.php?rest_route=\/wp\/v2\/pages\/119\/revisions"}],"predecessor-version":[{"id":5650,"href":"https:\/\/www.schwimmverein-friedrichsthal.de\/index.php?rest_route=\/wp\/v2\/pages\/119\/revisions\/5650"}],"up":[{"embeddable":true,"href":"https:\/\/www.schwimmverein-friedrichsthal.de\/index.php?rest_route=\/wp\/v2\/pages\/11"}],"wp:attachment":[{"href":"https:\/\/www.schwimmverein-friedrichsthal.de\/index.php?rest_route=%2Fwp%2Fv2%2Fmedia&parent=119"}],"curies":[{"name":"wp","href":"https:\/\/api.w.org\/{rel}","templated":true}]}}