{"id":13,"date":"2009-01-07T11:37:28","date_gmt":"2009-01-07T10:37:28","guid":{"rendered":"http:\/\/www.neu.schwimmverein-friedrichsthal.de\/?page_id=13"},"modified":"2023-05-19T10:14:57","modified_gmt":"2023-05-19T09:14:57","slug":"trainingszeiten","status":"publish","type":"page","link":"https:\/\/www.schwimmverein-friedrichsthal.de\/?page_id=13","title":{"rendered":"Trainingszeiten"},"content":{"rendered":"<p>Unsere Trainingszeiten gelten nur f\u00fcr die Hallenbad-Saison. Gerne stehen die Vorstandsmitglieder und <a href=\"_wp_link_placeholder\" data-wplink-edit=\"true\">Ansprechpartner<\/a> f\u00fcr Ausk\u00fcnfte zur Verf\u00fcgung.<\/p>\n<table style=\"width: 100%;\" border=\"2\" align=\"center\">\n<tbody>\n<tr>\n<td width=\"32%\"><\/td>\n<td width=\"14%\"><\/td>\n<td width=\"54%\"><\/td>\n<\/tr>\n<tr>\n<td>Wettkampfgruppe<\/td>\n<td align=\"left\" valign=\"top\">Montag<\/p>\n<p>Freitag<\/td>\n<td align=\"left\" valign=\"top\">17.30 &#8211; 19.00 Uhr<\/p>\n<p>17.30 &#8211; 19.00 Uhr<\/td>\n<\/tr>\n<tr>\n<td>Anf\u00e4nger- und Nachwuchsgruppe<\/td>\n<td>Montag<br \/>\nFreitag<\/td>\n<td>16.00 &#8211; 16.45 Uhr<\/td>\n<\/tr>\n<tr>\n<td>Fortgeschrittene und Perspektivgruppe<\/td>\n<td>Montag<br \/>\nFreitag<\/td>\n<td>16.45 &#8211; 17.30 Uhr<\/td>\n<\/tr>\n<tr>\n<td>Senioren<\/td>\n<td>Montag<br \/>\nFreitag<\/td>\n<td>19.00 &#8211; 20.00 Uhr<br \/>\n19.00 &#8211; 20.00 Uhr<\/td>\n<\/tr>\n<tr>\n<td>Wasserball<\/td>\n<td>Montag<br \/>\nFreitag<br \/>\nSamstag<\/td>\n<td>20.00 &#8211; 21.30 Uhr<br \/>\n20.00 &#8211; 21.30 Uhr<br \/>\n15.00 &#8211; 16.30 Uhr (Jugend)<\/td>\n<\/tr>\n<tr>\n<td>DLRG<\/td>\n<td>Montag<\/td>\n<td>20.00 &#8211; 21.00 Uhr<\/td>\n<\/tr>\n<tr>\n<td>Tanzen<\/td>\n<td>Sonntag<\/td>\n<td>18.00 &#8211; 21.00 Uhr in 3 Gruppen(Luther-Haus in Friedrichsthal)<\/td>\n<\/tr>\n<\/tbody>\n<\/table>\n","protected":false},"excerpt":{"rendered":"<p>Unsere Trainingszeiten gelten nur f\u00fcr die Hallenbad-Saison. Gerne stehen die Vorstandsmitglieder und Ansprechpartner f\u00fcr Ausk\u00fcnfte zur Verf\u00fcgung. Wettkampfgruppe Montag Freitag [&hellip;]<\/p>\n","protected":false},"author":2,"featured_media":0,"parent":0,"menu_order":2,"comment_status":"closed","ping_status":"closed","template":"","meta":{"site-sidebar-layout":"default","site-content-layout":"","ast-site-content-layout":"","site-content-style":"default","site-sidebar-style":"default","ast-global-header-display":"","ast-banner-title-visibility":"","ast-main-header-display":"","ast-hfb-above-header-display":"","ast-hfb-below-header-display":"","ast-hfb-mobile-header-display":"","site-post-title":"","ast-breadcrumbs-content":"","ast-featured-img":"","footer-sml-layout":"","theme-transparent-header-meta":"","adv-header-id-meta":"","stick-header-meta":"","header-above-stick-meta":"","header-main-stick-meta":"","header-below-stick-meta":"","astra-migrate-meta-layouts":"default","ast-page-background-enabled":"default","ast-page-background-meta":{"desktop":{"background-color":"var(--ast-global-color-4)","background-image":"","background-repeat":"repeat","background-position":"center center","background-size":"auto","background-attachment":"scroll","background-type":"","background-media":"","overlay-type":"","overlay-color":"","overlay-opacity":"","overlay-gradient":""},"tablet":{"background-color":"","background-image":"","background-repeat":"repeat","background-position":"center center","background-size":"auto","background-attachment":"scroll","background-type":"","background-media":"","overlay-type":"","overlay-color":"","overlay-opacity":"","overlay-gradient":""},"mobile":{"background-color":"","background-image":"","background-repeat":"repeat","background-position":"center center","background-size":"auto","background-attachment":"scroll","background-type":"","background-media":"","overlay-type":"","overlay-color":"","overlay-opacity":"","overlay-gradient":""}},"ast-content-background-meta":{"desktop":{"background-color":"var(--ast-global-color-5)","background-image":"","background-repeat":"repeat","background-position":"center center","background-size":"auto","background-attachment":"scroll","background-type":"","background-media":"","overlay-type":"","overlay-color":"","overlay-opacity":"","overlay-gradient":""},"tablet":{"background-color":"var(--ast-global-color-5)","background-image":"","background-repeat":"repeat","background-position":"center center","background-size":"auto","background-attachment":"scroll","background-type":"","background-media":"","overlay-type":"","overlay-color":"","overlay-opacity":"","overlay-gradient":""},"mobile":{"background-color":"var(--ast-global-color-5)","background-image":"","background-repeat":"repeat","background-position":"center center","background-size":"auto","background-attachment":"scroll","background-type":"","background-media":"","overlay-type":"","overlay-color":"","overlay-opacity":"","overlay-gradient":""}},"footnotes":""},"class_list":["post-13","page","type-page","status-publish","hentry"],"_links":{"self":[{"href":"https:\/\/www.schwimmverein-friedrichsthal.de\/index.php?rest_route=\/wp\/v2\/pages\/13"}],"collection":[{"href":"https:\/\/www.schwimmverein-friedrichsthal.de\/index.php?rest_route=\/wp\/v2\/pages"}],"about":[{"href":"https:\/\/www.schwimmverein-friedrichsthal.de\/index.php?rest_route=\/wp\/v2\/types\/page"}],"author":[{"embeddable":true,"href":"https:\/\/www.schwimmverein-friedrichsthal.de\/index.php?rest_route=\/wp\/v2\/users\/2"}],"replies":[{"embeddable":true,"href":"https:\/\/www.schwimmverein-friedrichsthal.de\/index.php?rest_route=%2Fwp%2Fv2%2Fcomments&post=13"}],"version-history":[{"count":33,"href":"https:\/\/www.schwimmverein-friedrichsthal.de\/index.php?rest_route=\/wp\/v2\/pages\/13\/revisions"}],"predecessor-version":[{"id":5577,"href":"https:\/\/www.schwimmverein-friedrichsthal.de\/index.php?rest_route=\/wp\/v2\/pages\/13\/revisions\/5577"}],"wp:attachment":[{"href":"https:\/\/www.schwimmverein-friedrichsthal.de\/index.php?rest_route=%2Fwp%2Fv2%2Fmedia&parent=13"}],"curies":[{"name":"wp","href":"https:\/\/api.w.org\/{rel}","templated":true}]}}