{"id":135,"date":"2009-01-07T17:14:55","date_gmt":"2009-01-07T16:14:55","guid":{"rendered":"http:\/\/www.neu.schwimmverein-friedrichsthal.de\/?page_id=135"},"modified":"2019-01-28T22:30:28","modified_gmt":"2019-01-28T21:30:28","slug":"wassergewohnung","status":"publish","type":"page","link":"https:\/\/www.schwimmverein-friedrichsthal.de\/?page_id=135","title":{"rendered":"Wassergew\u00f6hnung (ab 3 Jahre)"},"content":{"rendered":"<p>&#8222;Warum Wassergew\u00f6hnung?&#8220; h\u00f6ren wir immer wieder. Um sicher schwimmen zu k\u00f6nnen ist es sehr wichtig, dass die Kinder das Angst vor dem Wasser verlieren. Wir wollen nicht Kinder ausbilden, die sich zwar \u00fcber Wasser halten k\u00f6nnen, aber beim ersten Wasserspritzer Angst bekommen und in Panik verfallen. Dies ist aber in einem Schwimmkurs allein nicht m\u00f6glich. Kinder sollten schon vor dem eigentlichen Schwimmkurs an das Wasser gew\u00f6hnt sein. Dies kann &#8222;privat&#8220; erfolgen oder in dem von uns angebotenen Wassergew\u00f6hnungs-Kurs. Nach Besuch dieses Kurses hat Ihr Kind die besten Voraussetzungen, um sicher schwimmen zu lernen.<\/p>\n<p>Sollte Ihr Kind sich durch private Schwimmbad-Besuche schon zu einer &#8222;Wasserratte&#8220; entwickelt haben, ist dieser Kurs nicht notwendig. Beim \u00e4ngstlichen Kindern und Kindern, die noch keinerlei Schwimmbaderfahrung haben, ist es unbedingt ratsam, vor dem eigentlichen Schwimmkurs den Wassergew\u00f6hnungskurs zu besuchen.<\/p>\n<p><img loading=\"lazy\" decoding=\"async\" class=\"aligncenter size-full wp-image-136\" title=\"Wassergew\u00f6hnung 1\" src=\"https:\/\/www.schwimmverein-friedrichsthal.de\/wp-content\/uploads\/2009\/01\/wg1.jpg\" alt=\"Wassergew\u00f6hnung 1\" width=\"400\" height=\"266\" srcset=\"https:\/\/www.schwimmverein-friedrichsthal.de\/wp-content\/uploads\/2009\/01\/wg1.jpg 400w, https:\/\/www.schwimmverein-friedrichsthal.de\/wp-content\/uploads\/2009\/01\/wg1-300x199.jpg 300w\" sizes=\"(max-width: 400px) 100vw, 400px\" \/><\/p>\n<p>Die Gew\u00f6hnung an das feuchte Element steht im Vordergrund. Spritzen und &#8222;Kopf ins Wasser&#8220; inclusive&#8230;<\/p>\n<p><strong>Kurzinfo<\/strong><br \/>\nWassergew\u00f6hnung und Wasserbew\u00e4ltigung<br \/>\nGew\u00f6hnung an das feuchte Element. Spielerisch Wasser erleben, \u00c4ngste \u00fcberwinden, laufen, gehen, h\u00fcpfen, springen, spritzen, Wasserwiderstand erfahren. (Ohne Elternteil)<br \/>\nAlter: ab 3 Jahre (individuell verschieden)<br \/>\nAnzahl Stunden: 8 (je 45 min)<br \/>\nKosten: EUR 30,- (incl. Eintritt)<\/p>\n<p><img loading=\"lazy\" decoding=\"async\" class=\"aligncenter size-full wp-image-137\" title=\"Wassergew\u00f6hnung 2\" src=\"https:\/\/www.schwimmverein-friedrichsthal.de\/wp-content\/uploads\/2009\/01\/wg2.jpg\" alt=\"Wassergew\u00f6hnung 2\" width=\"400\" height=\"266\" srcset=\"https:\/\/www.schwimmverein-friedrichsthal.de\/wp-content\/uploads\/2009\/01\/wg2.jpg 400w, https:\/\/www.schwimmverein-friedrichsthal.de\/wp-content\/uploads\/2009\/01\/wg2-300x199.jpg 300w\" sizes=\"(max-width: 400px) 100vw, 400px\" \/><\/p>\n<p>Durch spielerische Gew\u00f6hnung wird das Grundstein gelegt f\u00fcr eine sichere Schwimmausbildung. Und Spass macht es obendrein&#8230;<\/p>\n","protected":false},"excerpt":{"rendered":"<p>&#8222;Warum Wassergew\u00f6hnung?&#8220; h\u00f6ren wir immer wieder. Um sicher schwimmen zu k\u00f6nnen ist es sehr wichtig, dass die Kinder das Angst [&hellip;]<\/p>\n","protected":false},"author":1,"featured_media":0,"parent":74,"menu_order":2,"comment_status":"closed","ping_status":"closed","template":"","meta":{"site-sidebar-layout":"default","site-content-layout":"","ast-site-content-layout":"","site-content-style":"default","site-sidebar-style":"default","ast-global-header-display":"","ast-banner-title-visibility":"","ast-main-header-display":"","ast-hfb-above-header-display":"","ast-hfb-below-header-display":"","ast-hfb-mobile-header-display":"","site-post-title":"","ast-breadcrumbs-content":"","ast-featured-img":"","footer-sml-layout":"","theme-transparent-header-meta":"","adv-header-id-meta":"","stick-header-meta":"","header-above-stick-meta":"","header-main-stick-meta":"","header-below-stick-meta":"","astra-migrate-meta-layouts":"default","ast-page-background-enabled":"default","ast-page-background-meta":{"desktop":{"background-color":"var(--ast-global-color-4)","background-image":"","background-repeat":"repeat","background-position":"center center","background-size":"auto","background-attachment":"scroll","background-type":"","background-media":"","overlay-type":"","overlay-color":"","overlay-opacity":"","overlay-gradient":""},"tablet":{"background-color":"","background-image":"","background-repeat":"repeat","background-position":"center center","background-size":"auto","background-attachment":"scroll","background-type":"","background-media":"","overlay-type":"","overlay-color":"","overlay-opacity":"","overlay-gradient":""},"mobile":{"background-color":"","background-image":"","background-repeat":"repeat","background-position":"center center","background-size":"auto","background-attachment":"scroll","background-type":"","background-media":"","overlay-type":"","overlay-color":"","overlay-opacity":"","overlay-gradient":""}},"ast-content-background-meta":{"desktop":{"background-color":"var(--ast-global-color-5)","background-image":"","background-repeat":"repeat","background-position":"center center","background-size":"auto","background-attachment":"scroll","background-type":"","background-media":"","overlay-type":"","overlay-color":"","overlay-opacity":"","overlay-gradient":""},"tablet":{"background-color":"var(--ast-global-color-5)","background-image":"","background-repeat":"repeat","background-position":"center center","background-size":"auto","background-attachment":"scroll","background-type":"","background-media":"","overlay-type":"","overlay-color":"","overlay-opacity":"","overlay-gradient":""},"mobile":{"background-color":"var(--ast-global-color-5)","background-image":"","background-repeat":"repeat","background-position":"center center","background-size":"auto","background-attachment":"scroll","background-type":"","background-media":"","overlay-type":"","overlay-color":"","overlay-opacity":"","overlay-gradient":""}},"footnotes":""},"class_list":["post-135","page","type-page","status-publish","hentry"],"_links":{"self":[{"href":"https:\/\/www.schwimmverein-friedrichsthal.de\/index.php?rest_route=\/wp\/v2\/pages\/135"}],"collection":[{"href":"https:\/\/www.schwimmverein-friedrichsthal.de\/index.php?rest_route=\/wp\/v2\/pages"}],"about":[{"href":"https:\/\/www.schwimmverein-friedrichsthal.de\/index.php?rest_route=\/wp\/v2\/types\/page"}],"author":[{"embeddable":true,"href":"https:\/\/www.schwimmverein-friedrichsthal.de\/index.php?rest_route=\/wp\/v2\/users\/1"}],"replies":[{"embeddable":true,"href":"https:\/\/www.schwimmverein-friedrichsthal.de\/index.php?rest_route=%2Fwp%2Fv2%2Fcomments&post=135"}],"version-history":[{"count":10,"href":"https:\/\/www.schwimmverein-friedrichsthal.de\/index.php?rest_route=\/wp\/v2\/pages\/135\/revisions"}],"predecessor-version":[{"id":5040,"href":"https:\/\/www.schwimmverein-friedrichsthal.de\/index.php?rest_route=\/wp\/v2\/pages\/135\/revisions\/5040"}],"up":[{"embeddable":true,"href":"https:\/\/www.schwimmverein-friedrichsthal.de\/index.php?rest_route=\/wp\/v2\/pages\/74"}],"wp:attachment":[{"href":"https:\/\/www.schwimmverein-friedrichsthal.de\/index.php?rest_route=%2Fwp%2Fv2%2Fmedia&parent=135"}],"curies":[{"name":"wp","href":"https:\/\/api.w.org\/{rel}","templated":true}]}}