{"id":1799,"date":"2011-10-24T18:17:38","date_gmt":"2011-10-24T17:17:38","guid":{"rendered":"http:\/\/www.schwimmverein-friedrichsthal.de\/?page_id=1799"},"modified":"2022-12-05T20:44:34","modified_gmt":"2022-12-05T19:44:34","slug":"links","status":"publish","type":"page","link":"https:\/\/www.schwimmverein-friedrichsthal.de\/?page_id=1799","title":{"rendered":"Links"},"content":{"rendered":"<p style=\"text-align: center;\"><a href=\"https:\/\/www.dsv.de\/\" target=\"_blank\" rel=\"noopener\">Deutscher Schwimm-Verband<\/a><\/p>\n<p style=\"text-align: center;\"><a href=\"http:\/\/www.friedrichsthal.dlrg.de\/\" target=\"_blank\" rel=\"noopener\">DLRG Ortsgruppe Friedrichsthal<\/a><\/p>\n<p style=\"text-align: center;\"><a href=\"https:\/\/www.foerderverein-der-baeder.de\/\" target=\"_blank\" rel=\"friend noopener\">F\u00f6rderverein der B\u00e4der der Stadt Friedrichsthal<\/a><\/p>\n<p style=\"text-align: center;\"><a href=\"https:\/\/www.saarland-schwimmbund.de\/\" target=\"_blank\" rel=\"noopener\">Saarl\u00e4ndischer Schwimm-Bund<\/a><\/p>\n<p style=\"text-align: center;\"><a href=\"https:\/\/www.ssg-saar.com\/\" target=\"_blank\" rel=\"noopener\">SSG-Saar Max Ritter<\/a><\/p>\n<p style=\"text-align: center;\"><a href=\"https:\/\/www.friedrichsthal.de\/\" target=\"_blank\" rel=\"noopener\">Stadt Friedrichsthal<\/a><\/p>\n<p style=\"text-align: center;\"><a href=\"https:\/\/www.stranz-kl.de\/wasserball\/Saison1011\/Ergebnisse\/Oberliga.html\" target=\"_blank\" rel=\"noopener\">Wasserball Oberliga (Seite von Stefan Stranz)<\/a><\/p>\n<p style=\"text-align: center;\"><a href=\"https:\/\/www.saarsport-news.de\/\" target=\"_blank\" rel=\"noopener\">SAARSPORT NEWS<\/a><\/p>\n","protected":false},"excerpt":{"rendered":"<p>Deutscher Schwimm-Verband DLRG Ortsgruppe Friedrichsthal F\u00f6rderverein der B\u00e4der der Stadt Friedrichsthal Saarl\u00e4ndischer Schwimm-Bund SSG-Saar Max Ritter Stadt Friedrichsthal Wasserball Oberliga [&hellip;]<\/p>\n","protected":false},"author":1,"featured_media":0,"parent":0,"menu_order":0,"comment_status":"closed","ping_status":"open","template":"","meta":{"site-sidebar-layout":"default","site-content-layout":"","ast-site-content-layout":"","site-content-style":"default","site-sidebar-style":"default","ast-global-header-display":"","ast-banner-title-visibility":"","ast-main-header-display":"","ast-hfb-above-header-display":"","ast-hfb-below-header-display":"","ast-hfb-mobile-header-display":"","site-post-title":"","ast-breadcrumbs-content":"","ast-featured-img":"","footer-sml-layout":"","theme-transparent-header-meta":"","adv-header-id-meta":"","stick-header-meta":"","header-above-stick-meta":"","header-main-stick-meta":"","header-below-stick-meta":"","astra-migrate-meta-layouts":"default","ast-page-background-enabled":"default","ast-page-background-meta":{"desktop":{"background-color":"var(--ast-global-color-4)","background-image":"","background-repeat":"repeat","background-position":"center center","background-size":"auto","background-attachment":"scroll","background-type":"","background-media":"","overlay-type":"","overlay-color":"","overlay-opacity":"","overlay-gradient":""},"tablet":{"background-color":"","background-image":"","background-repeat":"repeat","background-position":"center center","background-size":"auto","background-attachment":"scroll","background-type":"","background-media":"","overlay-type":"","overlay-color":"","overlay-opacity":"","overlay-gradient":""},"mobile":{"background-color":"","background-image":"","background-repeat":"repeat","background-position":"center center","background-size":"auto","background-attachment":"scroll","background-type":"","background-media":"","overlay-type":"","overlay-color":"","overlay-opacity":"","overlay-gradient":""}},"ast-content-background-meta":{"desktop":{"background-color":"var(--ast-global-color-5)","background-image":"","background-repeat":"repeat","background-position":"center center","background-size":"auto","background-attachment":"scroll","background-type":"","background-media":"","overlay-type":"","overlay-color":"","overlay-opacity":"","overlay-gradient":""},"tablet":{"background-color":"var(--ast-global-color-5)","background-image":"","background-repeat":"repeat","background-position":"center center","background-size":"auto","background-attachment":"scroll","background-type":"","background-media":"","overlay-type":"","overlay-color":"","overlay-opacity":"","overlay-gradient":""},"mobile":{"background-color":"var(--ast-global-color-5)","background-image":"","background-repeat":"repeat","background-position":"center center","background-size":"auto","background-attachment":"scroll","background-type":"","background-media":"","overlay-type":"","overlay-color":"","overlay-opacity":"","overlay-gradient":""}},"footnotes":""},"class_list":["post-1799","page","type-page","status-publish","hentry"],"_links":{"self":[{"href":"https:\/\/www.schwimmverein-friedrichsthal.de\/index.php?rest_route=\/wp\/v2\/pages\/1799"}],"collection":[{"href":"https:\/\/www.schwimmverein-friedrichsthal.de\/index.php?rest_route=\/wp\/v2\/pages"}],"about":[{"href":"https:\/\/www.schwimmverein-friedrichsthal.de\/index.php?rest_route=\/wp\/v2\/types\/page"}],"author":[{"embeddable":true,"href":"https:\/\/www.schwimmverein-friedrichsthal.de\/index.php?rest_route=\/wp\/v2\/users\/1"}],"replies":[{"embeddable":true,"href":"https:\/\/www.schwimmverein-friedrichsthal.de\/index.php?rest_route=%2Fwp%2Fv2%2Fcomments&post=1799"}],"version-history":[{"count":10,"href":"https:\/\/www.schwimmverein-friedrichsthal.de\/index.php?rest_route=\/wp\/v2\/pages\/1799\/revisions"}],"predecessor-version":[{"id":5508,"href":"https:\/\/www.schwimmverein-friedrichsthal.de\/index.php?rest_route=\/wp\/v2\/pages\/1799\/revisions\/5508"}],"wp:attachment":[{"href":"https:\/\/www.schwimmverein-friedrichsthal.de\/index.php?rest_route=%2Fwp%2Fv2%2Fmedia&parent=1799"}],"curies":[{"name":"wp","href":"https:\/\/api.w.org\/{rel}","templated":true}]}}