{"id":4681,"date":"2018-05-27T19:26:05","date_gmt":"2018-05-27T18:26:05","guid":{"rendered":"http:\/\/www.schwimmverein-friedrichsthal.de\/?page_id=4681"},"modified":"2025-09-10T09:42:25","modified_gmt":"2025-09-10T08:42:25","slug":"anmeldung-zu-schwimmkurs-wassergewoehnung","status":"publish","type":"page","link":"https:\/\/www.schwimmverein-friedrichsthal.de\/?page_id=4681","title":{"rendered":"Anmeldung zu Schwimmunterricht\/Wassergew\u00f6hnung"},"content":{"rendered":"\n<p>Mit Hilfe dieses Formulars k\u00f6nnen Teilnehmer f\u00fcr Schwimmunterricht, bzw. Wassergew\u00f6hnung angemeldet werden. Je nach Anzahl der gemeldeten Teilnehmer f\u00fchren wir Wartelisten. Wir melden uns bei Ihnen, sobald freie Pl\u00e4tze zur Verf\u00fcgung stehen.<\/p>\n\n\n\n<p><strong>In den Corona-Jahren 2020 und 2021 war das Hallenbad lange geschlossen. Von Herbst 2023 bis Winter 2024 war das Hallenbad wegen Sanierungsma\u00dfnahmen geschlossen. Dadurch ist die Warteliste leider sehr angewachsen. Aktuell muss leider mit deutlich mehr als einem Jahr Wartezeit gerechnet werden.<\/strong><\/p>\n\n\n\n<p><strong>Bitte melden Sie Ihr Kind nur einmal an!!!<\/strong><br><strong>Mehrfachanmeldungen machen uns nur mehr Arbeit, f\u00fchren aber nicht dazu, da\u00df Ihr Kind schneller &#8222;an die Reihe kommt&#8220;.<\/strong><\/p>\n\n\n\n<p><\/p>\n\n\n\n<div class=\"wp-block-contact-form-7-contact-form-selector\">\n<div class=\"wpcf7 no-js\" id=\"wpcf7-f4680-o1\" lang=\"de-DE\" dir=\"ltr\" data-wpcf7-id=\"4680\">\n<div class=\"screen-reader-response\"><p role=\"status\" aria-live=\"polite\" aria-atomic=\"true\"><\/p> <ul><\/ul><\/div>\n<form action=\"\/index.php?rest_route=%2Fwp%2Fv2%2Fpages%2F4681#wpcf7-f4680-o1\" method=\"post\" class=\"wpcf7-form init\" aria-label=\"Kontaktformular\" novalidate=\"novalidate\" data-status=\"init\">\n<div style=\"display: none;\">\n<input type=\"hidden\" name=\"_wpcf7\" value=\"4680\" \/>\n<input type=\"hidden\" name=\"_wpcf7_version\" value=\"6.0.1\" \/>\n<input type=\"hidden\" name=\"_wpcf7_locale\" value=\"de_DE\" \/>\n<input type=\"hidden\" name=\"_wpcf7_unit_tag\" value=\"wpcf7-f4680-o1\" \/>\n<input type=\"hidden\" name=\"_wpcf7_container_post\" value=\"0\" \/>\n<input type=\"hidden\" name=\"_wpcf7_posted_data_hash\" value=\"\" \/>\n<input type=\"hidden\" name=\"_wpcf7_recaptcha_response\" value=\"\" \/>\n<\/div>\n<p><label> Anmeldung zum\/zur<br \/>\n<span class=\"wpcf7-form-control-wrap\" data-name=\"kurs_art\"><select class=\"wpcf7-form-control wpcf7-select\" aria-invalid=\"false\" name=\"kurs_art\"><option value=\"Schwimmunterricht\">Schwimmunterricht<\/option><option value=\"Wassergew\u00f6hnung\">Wassergew\u00f6hnung<\/option><\/select><\/span> <\/label>\n<\/p>\n<p><label> Name, Vorname des Teilnehmers (Pflichtfeld)<br \/>\n<span class=\"wpcf7-form-control-wrap\" data-name=\"your-name\"><input size=\"40\" maxlength=\"400\" class=\"wpcf7-form-control wpcf7-text wpcf7-validates-as-required\" aria-required=\"true\" aria-invalid=\"false\" value=\"\" type=\"text\" name=\"your-name\" \/><\/span> <\/label><br \/>\n<label> Geburtsdatum des Teilnehmers (Pflichtfeld)<br \/>\n<span class=\"wpcf7-form-control-wrap\" data-name=\"your-geb\"><input class=\"wpcf7-form-control wpcf7-date wpcf7-validates-as-required wpcf7-validates-as-date\" aria-required=\"true\" aria-invalid=\"false\" value=\"\" type=\"date\" name=\"your-geb\" \/><\/span> <\/label><br \/>\n<label> Handynummer* (Pflichtfeld)<br \/>\n<span class=\"wpcf7-form-control-wrap\" data-name=\"your-phone\"><input size=\"40\" maxlength=\"400\" class=\"wpcf7-form-control wpcf7-text wpcf7-validates-as-required\" aria-required=\"true\" aria-invalid=\"false\" value=\"\" type=\"text\" name=\"your-phone\" \/><\/span> <\/label><br \/>\n<label>*Bitte Handynummer angeben, da wir w\u00e4hrend der Ausbildung aktuelle Informationen per WhatsApp verteilen (z. B. bei kurzfristiger Schlie\u00dfung des Bades)<\/label>\n<\/p>\n<p><label> E-Mail-Adresse (Pflichtfeld)<br \/>\n<span class=\"wpcf7-form-control-wrap\" data-name=\"your-email\"><input size=\"40\" maxlength=\"400\" class=\"wpcf7-form-control wpcf7-email wpcf7-validates-as-required wpcf7-text wpcf7-validates-as-email\" aria-required=\"true\" aria-invalid=\"false\" value=\"\" type=\"email\" name=\"your-email\" \/><\/span> <\/label>\n<\/p>\n<p><label> zus\u00e4tzliche Nachricht<br \/>\n<span class=\"wpcf7-form-control-wrap\" data-name=\"your-message\"><textarea cols=\"40\" rows=\"10\" maxlength=\"2000\" class=\"wpcf7-form-control wpcf7-textarea\" aria-invalid=\"false\" name=\"your-message\"><\/textarea><\/span> <\/label>\n<\/p>\n<p><label> <b><u>Wichtig:<\/u><\/b><br \/>\n<b>Hiermit willige ich in die Verarbeitung meiner pers\u00f6nlichen Daten gem\u00e4\u00df der zur Kenntnis<br \/>\ngenommenen Information \u201eInformation zum Datenschutz\u201c (siehe unten) ein.<\/b> <span class=\"wpcf7-form-control-wrap\" data-name=\"acceptance-DSGVO-kurs\"><span class=\"wpcf7-form-control wpcf7-acceptance\"><span class=\"wpcf7-list-item\"><input type=\"checkbox\" name=\"acceptance-DSGVO-kurs\" value=\"1\" aria-invalid=\"false\" \/><\/span><\/span><\/span> <\/label>\n<\/p>\n<p><input class=\"wpcf7-form-control wpcf7-submit has-spinner\" type=\"submit\" value=\"Senden\" \/>\n<\/p><div class=\"wpcf7-response-output\" aria-hidden=\"true\"><\/div>\n<\/form>\n<\/div>\n<\/div>\n\n\n\n<h2 class=\"wp-block-heading\">Information zum Datenschutz<\/h2>\n\n\n\n<p>Datenschutzrechtliche Informationen zur Verarbeitung Ihrer personenbezogenen Daten im Rahmen der Anmeldung zum Schwimmunterricht.<\/p>\n\n\n\n<p>Hiermit informiert Sie der Schwimmverein Friedrichsthal \u00fcber die Nutzung und Verarbeitung der von Ihnen angegebenen bzw. angeforderten personenbezogenen Daten.<br>Mit den folgenden Informationen kommen wir unseren Verpflichtungen im Rahmen der EU-Datenschutzgrundverordnung nach:<br>Verantwortlich f\u00fcr die Datenverarbeitung ist der Schwimmverein Friedrichsthal 1937 e. V., Theodor-K\u00f6rner-Str. 31, 66299 Friedrichsthal, email: info@schwimmverein-friedrichsthal.de<\/p>\n\n\n\n<p>Damit wir Ihre Anmeldung zum Schwimmunterricht entsprechend verwalten k\u00f6nnen, verarbeiten wir auf Rechtsgrundlage nach Art. 6 Abs. 1 b der DSGVO folgende Ihrer angegebenen pers\u00f6nlichen Daten. Fehlende Angaben verhindern eine Anmeldung zum Schwimmunterricht.<\/p>\n\n\n\n<p><strong>Erhebung von Daten:<\/strong> Name, Vorname, Adresse, Geburtsdatum, Telefonnummer, email-Adresse und Dauer zum Zwecke der Verwaltung des Schwimmunterrichts.<\/p>\n\n\n\n<p><strong>Weitergabe von Daten:<\/strong> Wir geben keinerlei Daten weiter.<\/p>\n\n\n\n<p><strong>Dauer der Speicherung:<\/strong> Diese Daten werden von uns solange gespeichert, wie zur Durchf\u00fchrung des Schwimmunterrichts notwendig.<\/p>\n\n\n\n<p>Weitere Hinweise:<br>Selbstverst\u00e4ndlich haben Sie jederzeit das Recht auf Auskunft \u00fcber die Sie betreffenden, von uns verarbeiteten personenbezogenen Daten sowie auf Berichtigung oder L\u00f6schung dieser Daten. Auch k\u00f6nnen Sie uns mitteilen, sofern Sie die Verarbeitung Ihrer Daten einschr\u00e4nken m\u00f6chten. Dar\u00fcber hinaus haben Sie jederzeit das Recht der weiteren Verarbeitung Ihrer personenbezogenen Daten zu widersprechen. Den Widerspruch k\u00f6nnen Sie formlos an den Vorstand in schriftlicher Form senden. Sie haben das Recht, von uns auf Nachfrage, die \u00fcber Sie bei uns gespeicherten personenbezogenen Daten in einem strukturierten, g\u00e4ngigen und maschinenlesbaren Format zu erhalten oder dass wir die Daten an einen anderen Verantwortlichen \u00fcbermitteln.<br>F\u00fcr den Fall, dass Sie die Ansicht vertreten, dass die Verwendung Ihrer Daten rechtswidrig erfolgt ist, haben Sie nach Art. 77 DSGVO das Recht, sich bei der zust\u00e4ndigen Aufsichtsbeh\u00f6rde zu beschweren. In unserem Fall bei dem unabh\u00e4ngigen Datenschutzzentrum Saarland unter poststelle@lfdi.saarland.de bzw. www.lfdi.saarland.de<\/p>\n","protected":false},"excerpt":{"rendered":"<p>Mit Hilfe dieses Formulars k\u00f6nnen Teilnehmer f\u00fcr Schwimmunterricht, bzw. Wassergew\u00f6hnung angemeldet werden. Je nach Anzahl der gemeldeten Teilnehmer f\u00fchren wir [&hellip;]<\/p>\n","protected":false},"author":1,"featured_media":0,"parent":0,"menu_order":0,"comment_status":"closed","ping_status":"closed","template":"","meta":{"site-sidebar-layout":"default","site-content-layout":"","ast-site-content-layout":"","site-content-style":"default","site-sidebar-style":"default","ast-global-header-display":"","ast-banner-title-visibility":"","ast-main-header-display":"","ast-hfb-above-header-display":"","ast-hfb-below-header-display":"","ast-hfb-mobile-header-display":"","site-post-title":"","ast-breadcrumbs-content":"","ast-featured-img":"","footer-sml-layout":"","theme-transparent-header-meta":"","adv-header-id-meta":"","stick-header-meta":"","header-above-stick-meta":"","header-main-stick-meta":"","header-below-stick-meta":"","astra-migrate-meta-layouts":"default","ast-page-background-enabled":"default","ast-page-background-meta":{"desktop":{"background-color":"var(--ast-global-color-4)","background-image":"","background-repeat":"repeat","background-position":"center center","background-size":"auto","background-attachment":"scroll","background-type":"","background-media":"","overlay-type":"","overlay-color":"","overlay-opacity":"","overlay-gradient":""},"tablet":{"background-color":"","background-image":"","background-repeat":"repeat","background-position":"center center","background-size":"auto","background-attachment":"scroll","background-type":"","background-media":"","overlay-type":"","overlay-color":"","overlay-opacity":"","overlay-gradient":""},"mobile":{"background-color":"","background-image":"","background-repeat":"repeat","background-position":"center center","background-size":"auto","background-attachment":"scroll","background-type":"","background-media":"","overlay-type":"","overlay-color":"","overlay-opacity":"","overlay-gradient":""}},"ast-content-background-meta":{"desktop":{"background-color":"var(--ast-global-color-5)","background-image":"","background-repeat":"repeat","background-position":"center center","background-size":"auto","background-attachment":"scroll","background-type":"","background-media":"","overlay-type":"","overlay-color":"","overlay-opacity":"","overlay-gradient":""},"tablet":{"background-color":"var(--ast-global-color-5)","background-image":"","background-repeat":"repeat","background-position":"center center","background-size":"auto","background-attachment":"scroll","background-type":"","background-media":"","overlay-type":"","overlay-color":"","overlay-opacity":"","overlay-gradient":""},"mobile":{"background-color":"var(--ast-global-color-5)","background-image":"","background-repeat":"repeat","background-position":"center center","background-size":"auto","background-attachment":"scroll","background-type":"","background-media":"","overlay-type":"","overlay-color":"","overlay-opacity":"","overlay-gradient":""}},"footnotes":""},"class_list":["post-4681","page","type-page","status-publish","hentry"],"_links":{"self":[{"href":"https:\/\/www.schwimmverein-friedrichsthal.de\/index.php?rest_route=\/wp\/v2\/pages\/4681"}],"collection":[{"href":"https:\/\/www.schwimmverein-friedrichsthal.de\/index.php?rest_route=\/wp\/v2\/pages"}],"about":[{"href":"https:\/\/www.schwimmverein-friedrichsthal.de\/index.php?rest_route=\/wp\/v2\/types\/page"}],"author":[{"embeddable":true,"href":"https:\/\/www.schwimmverein-friedrichsthal.de\/index.php?rest_route=\/wp\/v2\/users\/1"}],"replies":[{"embeddable":true,"href":"https:\/\/www.schwimmverein-friedrichsthal.de\/index.php?rest_route=%2Fwp%2Fv2%2Fcomments&post=4681"}],"version-history":[{"count":14,"href":"https:\/\/www.schwimmverein-friedrichsthal.de\/index.php?rest_route=\/wp\/v2\/pages\/4681\/revisions"}],"predecessor-version":[{"id":5737,"href":"https:\/\/www.schwimmverein-friedrichsthal.de\/index.php?rest_route=\/wp\/v2\/pages\/4681\/revisions\/5737"}],"wp:attachment":[{"href":"https:\/\/www.schwimmverein-friedrichsthal.de\/index.php?rest_route=%2Fwp%2Fv2%2Fmedia&parent=4681"}],"curies":[{"name":"wp","href":"https:\/\/api.w.org\/{rel}","templated":true}]}}