{"id":57,"date":"2009-01-07T15:27:03","date_gmt":"2009-01-07T14:27:03","guid":{"rendered":"http:\/\/www.neu.schwimmverein-friedrichsthal.de\/?page_id=57"},"modified":"2019-01-28T21:58:05","modified_gmt":"2019-01-28T20:58:05","slug":"der-bau-des-schwimmer-treff","status":"publish","type":"page","link":"https:\/\/www.schwimmverein-friedrichsthal.de\/?page_id=57","title":{"rendered":"Der Bau des &#8222;Schwimmer-Treff&#8220;"},"content":{"rendered":"<p>Die <strong>Idee<\/strong>, ein eigenes Jugend- und Vereinsheim zu bauen,            wurde anl\u00e4sslich des Jux-Schwimm-Festes <strong>1995<\/strong> geboren.            Die Weichen, das Friedrichsthaler Freibad zu sanieren, waren durch Stadtratsbeschlu\u00df            gestellt. Nun lag es an den Mitgliedern des Schwimmvereines und den            B\u00fcrgerinnen und B\u00fcrgern unserer Stadt, gegen\u00fcber der            Stadt Friedrichsthal Bereitschaft zur Mithilfe und Unterst\u00fctzung            zu dokumentieren.<\/p>\n<p>Ein F\u00f6rderverein der B\u00e4der der Stadt Friedrichsthal wurde            gegr\u00fcndet. Er hatte sich zum Ziel gesetzt, aus Mitgliedsbeitr\u00e4gen            und Spenden eine Wasserrutsche zu finanzieren. Damit sollte die Attraktivit\u00e4t            des Freibades gesteigert werden.<\/p>\n<p>Der Schwimmverein hat sich an ein anderes, recht ehrgeiziges Projekt            herangewagt: Anstelle der nicht mehr zu benutzenden bauf\u00e4lligen            Terrasse soll ein Vereinsheim mit Kassenraum gebaut werden. W\u00e4hrend            der Sommersaison kann es der Stadt Friedrichsthal f\u00fcr ihre Bed\u00fcrfnisse            (gastronomische Versorung der Badeg\u00e4ste) zur Verf\u00fcgung gestellt            werden.<\/p>\n<p>Ein solches Bauvorhaben kann aber nur mit bestimmten Voraussetzungen            realisiert werden: Es m\u00fcssen sich gen\u00fcgend Leute finden, die            ihre Arbeitskraft und Erfahrung im Hausbau einbringen k\u00f6nnen. Baumaterialien            sowie die notwendigen Maschinen und Werkzeuge m\u00fcssen schlie\u00dflich            finanziert werden. Oberstes Gebot war es, niemals Mitgliedsbeitr\u00e4ge            zur Finanzierung mit heranzuziehen. Ein geeignetes Grundst\u00fcck konnte            die Stadt Friedrichsthal zur Verf\u00fcgung stellen. Es wurde dem Schwimmverein            im Rahmen eines Erbbaurechtsvertrages f\u00fcr 50 Jahre \u00fcbertragen.            Nachdem die Grundst\u00fccksfrage und die Finanzierung durch Spenden,            Darlehen von Vereinsmitgliedern und Zusch\u00fcssen der Sportplanungskommission            gesichert war, konnte mit der Planung begonnen werden.<\/p>\n<p>Die Planung des Ingenieurb\u00fcros Schmidt sah einen Gastraum mit            K\u00fcche und Lagerraum vor, dazu eine \u00fcberdachte Terrasse sowie            einen Kassenraum, der w\u00e4hrend der Freibadsaison von der Stadt genutzt            wird (Der Eingang zum Freibad befindet sich seit der Sommersaison 1997            an dieser Stelle). Als dann auch von vielen Firmen gro\u00dfz\u00fcgige            Unterst\u00fctzung signalisiert war, wurde am 5. August 1995 der Beschluss            zum Bau eines Vereinsheimes gefasst.<\/p>\n<p><strong>Der erste Spatenstich<\/strong> erfolge dann am <strong>25.            M\u00e4rz 1996<\/strong>. Die Statik f\u00fcr das Geb\u00e4ude war vom            Ingenieur-B\u00fcro Gouase-Theis erstellt worden. Nun konnte mit dem            Aushub der Fundamente, den Betonarbeiten und dem Verlegen der Bodenplatte            sowie der Versorgungsleitungen begonnen werden. Die dazu ben\u00f6tigten            Ger\u00e4te und Baumaschinen stellte die Firma Hess-Ullinger freundlicherweise            zur Verf\u00fcgung. Im <strong>Mai 1996<\/strong> war der <strong>Rohbau<\/strong> erstellt.<\/p>\n<p>Das <strong>Richtfest<\/strong> konnte am <strong>24. August 1996<\/strong> nach 5-monatiger Bauzeit gefeiert werden, zu dem der Vorsitzende des            Schwimmvereines, G\u00fcnter Walter, zahlreiche G\u00e4ste begr\u00fc\u00dfen            konnte.<\/p>\n<p><strong>\u201eDas neue Haus ist aufgerichtet, fertig gemauert ist            es nicht &#8211; Regen und Sonnenschein k\u00f6nnen von allen Seiten noch            hinein\u201c <\/strong>lautete ein Teil des Richtspruchs.<\/p>\n<p>Der weitere Ausbau ging z\u00fcgig voran, wobei alle Helfer ihre verschiedensten            F\u00e4higkeiten unter Beweis stellten. Voller Stolz folgte man schlie\u00dflich            der Einladung des Seniorenwartes vom SVF, Hans-Walter Martin, zum Neujahrsumtrunk            am <strong>3. Januar 1997<\/strong>. Dies war die <strong>erste<\/strong> schon <strong>offizielle Veranstaltung<\/strong> im neuen Vereinsheim.            Im M\u00e4rz 1997 wurden die saarl\u00e4ndischen Senioren-Meisterschaften            im heimischen Hallenbad ausgetragen, zu der anschlie\u00dfenden ersten            Ehrung der Saarlandmeister in den neuen eigenen R\u00e4umen, zollte            man dem Friedrichsthaler Schwimmverein viel Lob f\u00fcr ihr \u201eWerk\u201c.            Viel Zeit zum Ausruhen blieb nicht. Es gab ein Ziel: das neue Vereinsheim            zu Beginn der Freibadsaison betriebsbereit seinen Bestimmungen zuzuf\u00fchren.<\/p>\n<p>Die Namensgebung des Jugend- und Vereinsheimes erwies sich als nicht            so einfach. Schlie\u00dflich wurde aus einer Liste von Vorschl\u00e4gen            der Name <strong>\u201eSchwimmer-Treff\u201c<\/strong> ausgew\u00e4hlt.<\/p>\n<p>Die <strong>offizielle Einweihung<\/strong> erfolgte am <strong>16.            Mai 1997<\/strong> im Beisein all der zahlreichen Helferinnen und Helfer,            der Sponsoren und dem B\u00fcrgermeister der Stadt. Der Vorsitzende            des SVF, G\u00fcnter Walter, bedankte sich noch einmal bei allen. Er            wies darauf hin, da\u00df ohne ihre Mithilfe und Unterst\u00fctzung            dieses Bauvorhaben nicht m\u00f6glich gewesen w\u00e4re. B\u00fcrgermeister            Cornelius gratulierte dem Schwimmverein zu seinem Vereinsheim, da\u00df            in so kurzer Zeit mit beeindruckender Eigenleistung gebaut wurde. Der            Schwimmverein 1937 Friedrichsthal dankt an dieser Stelle ganz besonders            den Sponsoren, die mit dazu beigetragen haben, dass der Schwimmer-Treff            in so kurzer Zeit gebaut werden konnte.<\/p>\n","protected":false},"excerpt":{"rendered":"<p>Die Idee, ein eigenes Jugend- und Vereinsheim zu bauen, wurde anl\u00e4sslich des Jux-Schwimm-Festes 1995 geboren. Die Weichen, das Friedrichsthaler Freibad [&hellip;]<\/p>\n","protected":false},"author":1,"featured_media":0,"parent":16,"menu_order":4,"comment_status":"closed","ping_status":"closed","template":"","meta":{"site-sidebar-layout":"default","site-content-layout":"","ast-site-content-layout":"","site-content-style":"default","site-sidebar-style":"default","ast-global-header-display":"","ast-banner-title-visibility":"","ast-main-header-display":"","ast-hfb-above-header-display":"","ast-hfb-below-header-display":"","ast-hfb-mobile-header-display":"","site-post-title":"","ast-breadcrumbs-content":"","ast-featured-img":"","footer-sml-layout":"","theme-transparent-header-meta":"","adv-header-id-meta":"","stick-header-meta":"","header-above-stick-meta":"","header-main-stick-meta":"","header-below-stick-meta":"","astra-migrate-meta-layouts":"default","ast-page-background-enabled":"default","ast-page-background-meta":{"desktop":{"background-color":"var(--ast-global-color-4)","background-image":"","background-repeat":"repeat","background-position":"center center","background-size":"auto","background-attachment":"scroll","background-type":"","background-media":"","overlay-type":"","overlay-color":"","overlay-opacity":"","overlay-gradient":""},"tablet":{"background-color":"","background-image":"","background-repeat":"repeat","background-position":"center center","background-size":"auto","background-attachment":"scroll","background-type":"","background-media":"","overlay-type":"","overlay-color":"","overlay-opacity":"","overlay-gradient":""},"mobile":{"background-color":"","background-image":"","background-repeat":"repeat","background-position":"center center","background-size":"auto","background-attachment":"scroll","background-type":"","background-media":"","overlay-type":"","overlay-color":"","overlay-opacity":"","overlay-gradient":""}},"ast-content-background-meta":{"desktop":{"background-color":"var(--ast-global-color-5)","background-image":"","background-repeat":"repeat","background-position":"center center","background-size":"auto","background-attachment":"scroll","background-type":"","background-media":"","overlay-type":"","overlay-color":"","overlay-opacity":"","overlay-gradient":""},"tablet":{"background-color":"var(--ast-global-color-5)","background-image":"","background-repeat":"repeat","background-position":"center center","background-size":"auto","background-attachment":"scroll","background-type":"","background-media":"","overlay-type":"","overlay-color":"","overlay-opacity":"","overlay-gradient":""},"mobile":{"background-color":"var(--ast-global-color-5)","background-image":"","background-repeat":"repeat","background-position":"center center","background-size":"auto","background-attachment":"scroll","background-type":"","background-media":"","overlay-type":"","overlay-color":"","overlay-opacity":"","overlay-gradient":""}},"footnotes":""},"class_list":["post-57","page","type-page","status-publish","hentry"],"_links":{"self":[{"href":"https:\/\/www.schwimmverein-friedrichsthal.de\/index.php?rest_route=\/wp\/v2\/pages\/57"}],"collection":[{"href":"https:\/\/www.schwimmverein-friedrichsthal.de\/index.php?rest_route=\/wp\/v2\/pages"}],"about":[{"href":"https:\/\/www.schwimmverein-friedrichsthal.de\/index.php?rest_route=\/wp\/v2\/types\/page"}],"author":[{"embeddable":true,"href":"https:\/\/www.schwimmverein-friedrichsthal.de\/index.php?rest_route=\/wp\/v2\/users\/1"}],"replies":[{"embeddable":true,"href":"https:\/\/www.schwimmverein-friedrichsthal.de\/index.php?rest_route=%2Fwp%2Fv2%2Fcomments&post=57"}],"version-history":[{"count":2,"href":"https:\/\/www.schwimmverein-friedrichsthal.de\/index.php?rest_route=\/wp\/v2\/pages\/57\/revisions"}],"predecessor-version":[{"id":5028,"href":"https:\/\/www.schwimmverein-friedrichsthal.de\/index.php?rest_route=\/wp\/v2\/pages\/57\/revisions\/5028"}],"up":[{"embeddable":true,"href":"https:\/\/www.schwimmverein-friedrichsthal.de\/index.php?rest_route=\/wp\/v2\/pages\/16"}],"wp:attachment":[{"href":"https:\/\/www.schwimmverein-friedrichsthal.de\/index.php?rest_route=%2Fwp%2Fv2%2Fmedia&parent=57"}],"curies":[{"name":"wp","href":"https:\/\/api.w.org\/{rel}","templated":true}]}}