{"id":69,"date":"2009-01-07T15:49:14","date_gmt":"2009-01-07T14:49:14","guid":{"rendered":"http:\/\/www.neu.schwimmverein-friedrichsthal.de\/?page_id=69"},"modified":"2025-09-10T09:55:49","modified_gmt":"2025-09-10T08:55:49","slug":"schwimmer-treff-mieten","status":"publish","type":"page","link":"https:\/\/www.schwimmverein-friedrichsthal.de\/?page_id=69","title":{"rendered":"&#8222;Schwimmer-Treff&#8220; mieten"},"content":{"rendered":"\n<p>Der Schwimmverein Friedrichsthal vermietet den &#8222;Schwimmer-Treff&#8220; f\u00fcr Geburtstage, Hochzeiten und Veranstaltungen aller Art. Vermietungen sind an Wochenenden und w\u00e4hrend der Woche m\u00f6glich.<\/p>\n\n\n\n<p><\/p>\n\n\n\n<p>Unser &#8222;Schwimmer-Treff&#8220; liegt zwischen dem Hallenbad und dem Freibad in Friedrichsthal mit ausreichendem Parkplatz in ruhiger Lage. Hier k\u00f6nnen Kinder auch au\u00dferhalb des Schwimmer-Treffs spielen da keine Durchgangsstra\u00dfe vorbeif\u00fchrt.<\/p>\n\n\n\n<p>Mit unserem Vereinsheim stehen Ihnen R\u00e4umlichkeiten f\u00fcr bis zu 56 Personen (bestuhlt) zur Verf\u00fcgung.<\/p>\n\n\n\n<figure class=\"wp-block-image aligncenter\"><img loading=\"lazy\" decoding=\"async\" width=\"500\" height=\"333\" src=\"https:\/\/www.schwimmverein-friedrichsthal.de\/wp-content\/uploads\/2009\/01\/vereinsheim1.jpg\" alt=\"&quot;Schwimmer-Treff&quot; Bild 1\" class=\"wp-image-71\" srcset=\"https:\/\/www.schwimmverein-friedrichsthal.de\/wp-content\/uploads\/2009\/01\/vereinsheim1.jpg 500w, https:\/\/www.schwimmverein-friedrichsthal.de\/wp-content\/uploads\/2009\/01\/vereinsheim1-300x199.jpg 300w\" sizes=\"(max-width: 500px) 100vw, 500px\" \/><figcaption class=\"wp-element-caption\"> <em>Ideal f\u00fcr die gr\u00f6\u00dferen Familienfeiern wie \u201crunde\u201d Geburtstage, Konfirmationen, Kommunionen oder was es sonst zu feiern gibt&#8230;<\/em> <\/figcaption><\/figure>\n\n\n\n<figure class=\"wp-block-image aligncenter\"><img loading=\"lazy\" decoding=\"async\" width=\"500\" height=\"333\" src=\"https:\/\/www.schwimmverein-friedrichsthal.de\/wp-content\/uploads\/2009\/01\/vereinsheim2.jpg\" alt=\"&quot;Schwimmer-Treff&quot; Bild 2\" class=\"wp-image-72\" srcset=\"https:\/\/www.schwimmverein-friedrichsthal.de\/wp-content\/uploads\/2009\/01\/vereinsheim2.jpg 500w, https:\/\/www.schwimmverein-friedrichsthal.de\/wp-content\/uploads\/2009\/01\/vereinsheim2-300x199.jpg 300w\" sizes=\"(max-width: 500px) 100vw, 500px\" \/><figcaption class=\"wp-element-caption\"> <em>Der gro\u00dfz\u00fcgige Wintergarten ist der ideale Platz um das Essen anzurichten.<\/em> <\/figcaption><\/figure>\n\n\n\n<p><strong><em>Der &#8222;Schwimmer-Treff&#8220; ist umfassend eingerichtet *:<\/em><\/strong><\/p>\n\n\n\n<ul class=\"wp-block-list\">\n<li>Tresen<\/li>\n\n\n\n<li>K\u00fcche mit Elektro-Herd<\/li>\n\n\n\n<li>Geschirr\/Besteck f\u00fcr 56 Personen<\/li>\n\n\n\n<li>Kaffee-Maschinen, Thermoskannen und Kaffee-Geschirr<\/li>\n\n\n\n<li>ausreichend Gl\u00e4ser (Bier, Wein, Sekt, Softtrinks)<\/li>\n\n\n\n<li>Industriesp\u00fclmaschine<\/li>\n\n\n\n<li>K\u00fchlm\u00f6glichkeiten zum Vork\u00fchlen von Getr\u00e4nken und Speisen<\/li>\n\n\n\n<li>Musikanlage (MP3-CD-Player vorhanden, externe Ger\u00e4te wie Notebook oder Handy k\u00f6nnen angeschlossen werden)<\/li>\n<\/ul>\n\n\n\n<p><em>(*) Ausstattung kann sich \u00e4ndern<\/em><\/p>\n\n\n\n<hr class=\"wp-block-separator has-css-opacity\"\/>\n\n\n\n<p class=\"has-very-light-gray-background-color has-background\"><strong><em>Wichtiger Hinweis:<\/em><\/strong><br>Der Schwimmverein vermietet den &#8222;Schwimmer-Treff&#8220;  f\u00fcr Veranstaltungen mit &#8222;Eigenbewirtschaftung&#8220; nur au\u00dferhalb der Freibadsaison (in der Regel zwischen Mitte September und Mitte Mai) .<br>W\u00e4hrend der Freibadsaison wird der Schwimmer-Treff von einer\/einem P\u00e4chterin\/P\u00e4chter betrieben. In dieser Zeit sind bewirtete Veranstaltungen ggf. m\u00f6glich, m\u00fcssen aber direkt mit dem P\u00e4chter\/P\u00e4chterin abgesprochen\/abgerechnet werden. Wir stellen gerne den Kontakt her.<\/p>\n\n\n\n<hr class=\"wp-block-separator has-css-opacity\"\/>\n\n\n\n<p><\/p>\n\n\n\n<p><strong>Mietpreis und Abwicklung<\/strong><\/p>\n\n\n\n<p><strong>Der Mietpreis betr\u00e4gt 300,00 Euro incl. Endreinigung und incl. Energiekosten<\/strong>. Es ist auch eine Kaution in H\u00f6he von EUR 50,- f\u00e4llig, die nach ordnungsgem\u00e4\u00dfer \u00dcbergabe nach der Veranstaltung zur\u00fcckerstattet wird.<\/p>\n\n\n\n<p>Die Zahlung des Mietpreises ist bei Buchung f\u00e4llig und Voraussetzung f\u00fcr die erfolgreiche Reservierung. Die Schl\u00fcssel\u00fcbergabe erfolgt in der Regel am Tag vor dem Termin, nach telefonischer Absprache.<\/p>\n\n\n\n<hr class=\"wp-block-separator has-css-opacity\"\/>\n\n\n\n<p>In diesem Kalender k\u00f6nnen Sie ersehen, ob der &#8222;Schwimmer-Treff&#8220; zu Ihrem Wunschtermin noch zur Verf\u00fcgung steht<\/p>\n\n\n\n<iframe loading=\"lazy\" src=\"https:\/\/calendar.google.com\/calendar\/embed?title=Mietplan%20Schwimmer-Treff&amp;showPrint=0&amp;showTabs=0&amp;showCalendars=0&amp;showTz=0&amp;height=300&amp;wkst=2&amp;bgcolor=%23FFFFFF&amp;src=chhp2gr1d4no9nsrk88b8totnk%40group.calendar.google.com&amp;color=%236B3304&amp;ctz=Europe%2FBerlin\" style=\"border-width:0\" scrolling=\"no\" width=\"600\" height=\"300\" frameborder=\"0\"><\/iframe>\n\n\n\n<hr class=\"wp-block-separator has-css-opacity\"\/>\n\n\n\n<p>Aus Datenschutzgr\u00fcnden (DSGVO) <strong>muss<\/strong> eine Anfrage zur Vermietung (leider) schriftlich erfolgen. Nach Ihrer Anfrage (siehe n\u00e4chste Zeile) melden wir uns bei Ihnen.<\/p>\n\n\n\n<p><a href=\"https:\/\/www.schwimmverein-friedrichsthal.de\/?page_id=4693\"><strong>Mietanfrage per Kontaktformular stellen  (hier klicken)<\/strong><\/a><\/p>\n","protected":false},"excerpt":{"rendered":"<p>Der Schwimmverein Friedrichsthal vermietet den &#8222;Schwimmer-Treff&#8220; f\u00fcr Geburtstage, Hochzeiten und Veranstaltungen aller Art. Vermietungen sind an Wochenenden und w\u00e4hrend der [&hellip;]<\/p>\n","protected":false},"author":1,"featured_media":0,"parent":16,"menu_order":20,"comment_status":"closed","ping_status":"open","template":"","meta":{"site-sidebar-layout":"default","site-content-layout":"","ast-site-content-layout":"","site-content-style":"default","site-sidebar-style":"default","ast-global-header-display":"","ast-banner-title-visibility":"","ast-main-header-display":"","ast-hfb-above-header-display":"","ast-hfb-below-header-display":"","ast-hfb-mobile-header-display":"","site-post-title":"","ast-breadcrumbs-content":"","ast-featured-img":"","footer-sml-layout":"","theme-transparent-header-meta":"","adv-header-id-meta":"","stick-header-meta":"","header-above-stick-meta":"","header-main-stick-meta":"","header-below-stick-meta":"","astra-migrate-meta-layouts":"default","ast-page-background-enabled":"default","ast-page-background-meta":{"desktop":{"background-color":"var(--ast-global-color-4)","background-image":"","background-repeat":"repeat","background-position":"center center","background-size":"auto","background-attachment":"scroll","background-type":"","background-media":"","overlay-type":"","overlay-color":"","overlay-opacity":"","overlay-gradient":""},"tablet":{"background-color":"","background-image":"","background-repeat":"repeat","background-position":"center center","background-size":"auto","background-attachment":"scroll","background-type":"","background-media":"","overlay-type":"","overlay-color":"","overlay-opacity":"","overlay-gradient":""},"mobile":{"background-color":"","background-image":"","background-repeat":"repeat","background-position":"center center","background-size":"auto","background-attachment":"scroll","background-type":"","background-media":"","overlay-type":"","overlay-color":"","overlay-opacity":"","overlay-gradient":""}},"ast-content-background-meta":{"desktop":{"background-color":"var(--ast-global-color-5)","background-image":"","background-repeat":"repeat","background-position":"center center","background-size":"auto","background-attachment":"scroll","background-type":"","background-media":"","overlay-type":"","overlay-color":"","overlay-opacity":"","overlay-gradient":""},"tablet":{"background-color":"var(--ast-global-color-5)","background-image":"","background-repeat":"repeat","background-position":"center center","background-size":"auto","background-attachment":"scroll","background-type":"","background-media":"","overlay-type":"","overlay-color":"","overlay-opacity":"","overlay-gradient":""},"mobile":{"background-color":"var(--ast-global-color-5)","background-image":"","background-repeat":"repeat","background-position":"center center","background-size":"auto","background-attachment":"scroll","background-type":"","background-media":"","overlay-type":"","overlay-color":"","overlay-opacity":"","overlay-gradient":""}},"footnotes":""},"class_list":["post-69","page","type-page","status-publish","hentry"],"_links":{"self":[{"href":"https:\/\/www.schwimmverein-friedrichsthal.de\/index.php?rest_route=\/wp\/v2\/pages\/69"}],"collection":[{"href":"https:\/\/www.schwimmverein-friedrichsthal.de\/index.php?rest_route=\/wp\/v2\/pages"}],"about":[{"href":"https:\/\/www.schwimmverein-friedrichsthal.de\/index.php?rest_route=\/wp\/v2\/types\/page"}],"author":[{"embeddable":true,"href":"https:\/\/www.schwimmverein-friedrichsthal.de\/index.php?rest_route=\/wp\/v2\/users\/1"}],"replies":[{"embeddable":true,"href":"https:\/\/www.schwimmverein-friedrichsthal.de\/index.php?rest_route=%2Fwp%2Fv2%2Fcomments&post=69"}],"version-history":[{"count":31,"href":"https:\/\/www.schwimmverein-friedrichsthal.de\/index.php?rest_route=\/wp\/v2\/pages\/69\/revisions"}],"predecessor-version":[{"id":5738,"href":"https:\/\/www.schwimmverein-friedrichsthal.de\/index.php?rest_route=\/wp\/v2\/pages\/69\/revisions\/5738"}],"up":[{"embeddable":true,"href":"https:\/\/www.schwimmverein-friedrichsthal.de\/index.php?rest_route=\/wp\/v2\/pages\/16"}],"wp:attachment":[{"href":"https:\/\/www.schwimmverein-friedrichsthal.de\/index.php?rest_route=%2Fwp%2Fv2%2Fmedia&parent=69"}],"curies":[{"name":"wp","href":"https:\/\/api.w.org\/{rel}","templated":true}]}}