{"id":74,"date":"2009-01-07T15:57:30","date_gmt":"2009-01-07T14:57:30","guid":{"rendered":"http:\/\/www.neu.schwimmverein-friedrichsthal.de\/?page_id=74"},"modified":"2025-09-10T09:22:12","modified_gmt":"2025-09-10T08:22:12","slug":"schwimmkurse-wassergewohnung-baby-schwimmen","status":"publish","type":"page","link":"https:\/\/www.schwimmverein-friedrichsthal.de\/?page_id=74","title":{"rendered":"Schwimmunterricht \/ Wassergew\u00f6hnung"},"content":{"rendered":"<p><img loading=\"lazy\" decoding=\"async\" class=\"alignleft size-full wp-image-1904\" title=\"krokodil\" src=\"https:\/\/www.schwimmverein-friedrichsthal.de\/wp-content\/uploads\/2011\/10\/krokodil.gif\" alt=\"\" width=\"414\" height=\"163\" srcset=\"https:\/\/www.schwimmverein-friedrichsthal.de\/wp-content\/uploads\/2011\/10\/krokodil.gif 414w, https:\/\/www.schwimmverein-friedrichsthal.de\/wp-content\/uploads\/2011\/10\/krokodil-300x118.gif 300w\" sizes=\"(max-width: 414px) 100vw, 414px\" \/><\/p>\n<p>Schwimmunterricht finden ausschliesslich in der Hallenbad-Saison statt. Unsere Schwimmausbildung ist gut besucht. Deshalb informieren Sie sich rechtzeitig \u00fcber freie Pl\u00e4tze und den jeweiligen Beginn. Rechtzeitige Anmeldungen sind unbedingt erforderlich.<\/p>\n<p>Grunds\u00e4tzlich beginnt eine neue Schwimmausbildung 3x pro Jahr: zum einen unmittelbar nach Ende der Freibad-Saison (im September), im November\/Dezember und im Februar\/M\u00e4rz. Es gibt jeweils mehrere Gruppen parallel.<\/p>\n<p><strong>WICHTIG: Voranmeldung<\/strong><br \/>\nDa wir in der Regel bereits einige Kinder auf der Warteliste haben, ist eine fr\u00fchzeitige Anmeldung notwendig. <strong>Aus Datenschutzgr\u00fcnden muss diese Anmeldung schriftlich erfolgen<\/strong>.<strong> Sie finden eine Anmeldem\u00f6glichkeit am Ende dieser Webseite.<\/strong><br \/>\nF\u00fcr Fragen erreichen uns Mo und Fr zwischen 17 und 19 Uhr an der Hallenbad-Kasse (Tel.: 01573\/9044239).<\/p>\n<p><img loading=\"lazy\" decoding=\"async\" class=\"alignright size-full wp-image-75\" title=\"Schwimmkurse\" src=\"https:\/\/www.schwimmverein-friedrichsthal.de\/wp-content\/uploads\/2009\/01\/anf4.jpg\" alt=\"Schwimmkurse\" width=\"250\" height=\"187\" \/><\/p>\n<p><strong>Wassergew\u00f6hnung<\/strong><br \/>\nWassergew\u00f6hnung und Wasserbew\u00e4ltigung<br \/>\nGew\u00f6hnung an das feuchte Element. Spielerisch Wasser erleben, \u00c4ngste \u00fcberwinden, laufen, gehen, h\u00fcpfen, springen, spritzen, Wasserwiderstand erfahren. (Ohne Elternteil)<br \/>\nAlter: ab 3 Jahre<br \/>\n<a href=\"https:\/\/www.schwimmverein-friedrichsthal.de\/?page_id=135\">Weitere Infos&#8230;(hier klicken)<\/a><\/p>\n<p><strong>Schwimmunterricht<\/strong><br \/>\nWasserbew\u00e4ltigung und Schwimmen lernen<br \/>\nSicher im Wasser werden<br \/>\nAlter: ab 5 Jahre<br \/>\n<a href=\"https:\/\/www.schwimmverein-friedrichsthal.de\/?page_id=139\">Weitere Infos&#8230;(hier klicken)<\/a><\/p>\n<p>Bei Bedarf bieten wir auch Schwimmunterricht f\u00fcr Erwachsene an.<br \/>\nHier gilt: Man ist nie zu alt um Schwimmen zu lernen (selbst \u00fcber 70j\u00e4hrige haben wir schon zum Schwimmen gebracht). Die Schulung erfolgt in kleinen Gruppen, so dass eine individuelle Betreuung gew\u00e4hrleistet ist.<\/p>\n<p><strong>Fragen? Bitte per Telefon.<\/strong><br \/>\nErreichbar Mo und Fr zwischen 17 und 19 Uhr an der Hallenbad-Kasse (Tel.: 01573\/9044239)<\/p>\n<p><a href=\"https:\/\/www.schwimmverein-friedrichsthal.de\/?page_id=4681\"><strong>Anmeldung zum Schwimmunterricht\/Wassergew\u00f6hnung (ggf. Warteliste)<\/strong><\/a><\/p>\n","protected":false},"excerpt":{"rendered":"<p>Schwimmunterricht finden ausschliesslich in der Hallenbad-Saison statt. Unsere Schwimmausbildung ist gut besucht. Deshalb informieren Sie sich rechtzeitig \u00fcber freie Pl\u00e4tze [&hellip;]<\/p>\n","protected":false},"author":1,"featured_media":0,"parent":11,"menu_order":4,"comment_status":"closed","ping_status":"closed","template":"","meta":{"site-sidebar-layout":"default","site-content-layout":"","ast-site-content-layout":"","site-content-style":"default","site-sidebar-style":"default","ast-global-header-display":"","ast-banner-title-visibility":"","ast-main-header-display":"","ast-hfb-above-header-display":"","ast-hfb-below-header-display":"","ast-hfb-mobile-header-display":"","site-post-title":"","ast-breadcrumbs-content":"","ast-featured-img":"","footer-sml-layout":"","theme-transparent-header-meta":"","adv-header-id-meta":"","stick-header-meta":"","header-above-stick-meta":"","header-main-stick-meta":"","header-below-stick-meta":"","astra-migrate-meta-layouts":"default","ast-page-background-enabled":"default","ast-page-background-meta":{"desktop":{"background-color":"var(--ast-global-color-4)","background-image":"","background-repeat":"repeat","background-position":"center center","background-size":"auto","background-attachment":"scroll","background-type":"","background-media":"","overlay-type":"","overlay-color":"","overlay-opacity":"","overlay-gradient":""},"tablet":{"background-color":"","background-image":"","background-repeat":"repeat","background-position":"center center","background-size":"auto","background-attachment":"scroll","background-type":"","background-media":"","overlay-type":"","overlay-color":"","overlay-opacity":"","overlay-gradient":""},"mobile":{"background-color":"","background-image":"","background-repeat":"repeat","background-position":"center center","background-size":"auto","background-attachment":"scroll","background-type":"","background-media":"","overlay-type":"","overlay-color":"","overlay-opacity":"","overlay-gradient":""}},"ast-content-background-meta":{"desktop":{"background-color":"var(--ast-global-color-5)","background-image":"","background-repeat":"repeat","background-position":"center center","background-size":"auto","background-attachment":"scroll","background-type":"","background-media":"","overlay-type":"","overlay-color":"","overlay-opacity":"","overlay-gradient":""},"tablet":{"background-color":"var(--ast-global-color-5)","background-image":"","background-repeat":"repeat","background-position":"center center","background-size":"auto","background-attachment":"scroll","background-type":"","background-media":"","overlay-type":"","overlay-color":"","overlay-opacity":"","overlay-gradient":""},"mobile":{"background-color":"var(--ast-global-color-5)","background-image":"","background-repeat":"repeat","background-position":"center center","background-size":"auto","background-attachment":"scroll","background-type":"","background-media":"","overlay-type":"","overlay-color":"","overlay-opacity":"","overlay-gradient":""}},"footnotes":""},"class_list":["post-74","page","type-page","status-publish","hentry"],"_links":{"self":[{"href":"https:\/\/www.schwimmverein-friedrichsthal.de\/index.php?rest_route=\/wp\/v2\/pages\/74"}],"collection":[{"href":"https:\/\/www.schwimmverein-friedrichsthal.de\/index.php?rest_route=\/wp\/v2\/pages"}],"about":[{"href":"https:\/\/www.schwimmverein-friedrichsthal.de\/index.php?rest_route=\/wp\/v2\/types\/page"}],"author":[{"embeddable":true,"href":"https:\/\/www.schwimmverein-friedrichsthal.de\/index.php?rest_route=\/wp\/v2\/users\/1"}],"replies":[{"embeddable":true,"href":"https:\/\/www.schwimmverein-friedrichsthal.de\/index.php?rest_route=%2Fwp%2Fv2%2Fcomments&post=74"}],"version-history":[{"count":26,"href":"https:\/\/www.schwimmverein-friedrichsthal.de\/index.php?rest_route=\/wp\/v2\/pages\/74\/revisions"}],"predecessor-version":[{"id":5727,"href":"https:\/\/www.schwimmverein-friedrichsthal.de\/index.php?rest_route=\/wp\/v2\/pages\/74\/revisions\/5727"}],"up":[{"embeddable":true,"href":"https:\/\/www.schwimmverein-friedrichsthal.de\/index.php?rest_route=\/wp\/v2\/pages\/11"}],"wp:attachment":[{"href":"https:\/\/www.schwimmverein-friedrichsthal.de\/index.php?rest_route=%2Fwp%2Fv2%2Fmedia&parent=74"}],"curies":[{"name":"wp","href":"https:\/\/api.w.org\/{rel}","templated":true}]}}