{"id":93,"date":"2009-01-07T16:22:12","date_gmt":"2009-01-07T15:22:12","guid":{"rendered":"http:\/\/www.neu.schwimmverein-friedrichsthal.de\/?page_id=93"},"modified":"2019-01-28T21:56:26","modified_gmt":"2019-01-28T20:56:26","slug":"wettkampf-schwimmen-2","status":"publish","type":"page","link":"https:\/\/www.schwimmverein-friedrichsthal.de\/?page_id=93","title":{"rendered":"Wettkampf-Schwimmen"},"content":{"rendered":"<figure id=\"attachment_4922\" aria-describedby=\"caption-attachment-4922\" style=\"width: 1280px\" class=\"wp-caption alignnone\"><a href=\"https:\/\/www.schwimmverein-friedrichsthal.de\/wp-content\/uploads\/2018\/06\/IMG-20180421-WA0006.jpg\"><img loading=\"lazy\" decoding=\"async\" class=\"wp-image-4922 size-full\" src=\"https:\/\/www.schwimmverein-friedrichsthal.de\/wp-content\/uploads\/2018\/06\/IMG-20180421-WA0006.jpg\" alt=\"\" width=\"1280\" height=\"960\" srcset=\"https:\/\/www.schwimmverein-friedrichsthal.de\/wp-content\/uploads\/2018\/06\/IMG-20180421-WA0006.jpg 1280w, https:\/\/www.schwimmverein-friedrichsthal.de\/wp-content\/uploads\/2018\/06\/IMG-20180421-WA0006-300x225.jpg 300w, https:\/\/www.schwimmverein-friedrichsthal.de\/wp-content\/uploads\/2018\/06\/IMG-20180421-WA0006-768x576.jpg 768w, https:\/\/www.schwimmverein-friedrichsthal.de\/wp-content\/uploads\/2018\/06\/IMG-20180421-WA0006-1024x768.jpg 1024w\" sizes=\"(max-width: 1280px) 100vw, 1280px\" \/><\/a><figcaption id=\"caption-attachment-4922\" class=\"wp-caption-text\">Die Herrenmannschaft des SVF beim Mannschaftspokal 2018<\/figcaption><\/figure>\n<p>Die Wettkampfgruppe des SV Friedrichsthal befindet sich nach einigen schwierigen Jahren im Wiederaufbau. Unter Trainer Joachim Nitschki soll an fr\u00fchere Erfolge wieder angekn\u00fcpft werden. Es trainieren ungef\u00e4hr 15 Kinder und Jugendliche im Alter von acht bis zwanzig Jahren zwei Mal w\u00f6chentlich im Hallen- und Freibad Friedrichsthal. Trotz schwieriger Situation nimmt die Wettkampfgruppe am Mannschaftspokal und den Saarlandmeisterschaften erfolgreich teil. Durch die gute Nachwuchsarbeit der letzten Jahre steht in Aussicht, dass sich die Resultate bei weiteren Wettk\u00e4mpfen noch verbessern werden.<\/p>\n<figure id=\"attachment_4923\" aria-describedby=\"caption-attachment-4923\" style=\"width: 1600px\" class=\"wp-caption alignleft\"><a href=\"https:\/\/www.schwimmverein-friedrichsthal.de\/wp-content\/uploads\/2018\/06\/IMG-20180610-WA0002-1.jpg\"><img loading=\"lazy\" decoding=\"async\" class=\"wp-image-4923 size-full\" src=\"https:\/\/www.schwimmverein-friedrichsthal.de\/wp-content\/uploads\/2018\/06\/IMG-20180610-WA0002-1.jpg\" alt=\"\" width=\"1600\" height=\"1200\" srcset=\"https:\/\/www.schwimmverein-friedrichsthal.de\/wp-content\/uploads\/2018\/06\/IMG-20180610-WA0002-1.jpg 1600w, https:\/\/www.schwimmverein-friedrichsthal.de\/wp-content\/uploads\/2018\/06\/IMG-20180610-WA0002-1-300x225.jpg 300w, https:\/\/www.schwimmverein-friedrichsthal.de\/wp-content\/uploads\/2018\/06\/IMG-20180610-WA0002-1-768x576.jpg 768w, https:\/\/www.schwimmverein-friedrichsthal.de\/wp-content\/uploads\/2018\/06\/IMG-20180610-WA0002-1-1024x768.jpg 1024w\" sizes=\"(max-width: 1600px) 100vw, 1600px\" \/><\/a><figcaption id=\"caption-attachment-4923\" class=\"wp-caption-text\">Die 4x100m Lagen-Staffel bei den Saarlandmeisterschaften mit Trainer Joachim Nitschki<\/figcaption><\/figure>\n<p>Au\u00dferderm\u00a0 richtet der SV Friedrichsthal allj\u00e4hrlich ein Jugend-Sprint-Meeting aus, bei dem zahlreiche Vereine aus dem ganzen Saarland teilnehmen &#8211; ein Wettkampf, der gerade f\u00fcr neue Schwimmer attraktiv ist.<\/p>\n<p><em>Trainingszeiten:<\/em><\/p>\n<p>Hallenbad: Montags und freitags von 17:30 bis 19 Uhr<\/p>\n<p>Freibad: Montags und freitags von 19 bis 20 Uhr<\/p>\n","protected":false},"excerpt":{"rendered":"<p>Die Wettkampfgruppe des SV Friedrichsthal befindet sich nach einigen schwierigen Jahren im Wiederaufbau. Unter Trainer Joachim Nitschki soll an fr\u00fchere [&hellip;]<\/p>\n","protected":false},"author":1,"featured_media":0,"parent":11,"menu_order":1,"comment_status":"closed","ping_status":"closed","template":"","meta":{"site-sidebar-layout":"default","site-content-layout":"","ast-site-content-layout":"","site-content-style":"default","site-sidebar-style":"default","ast-global-header-display":"","ast-banner-title-visibility":"","ast-main-header-display":"","ast-hfb-above-header-display":"","ast-hfb-below-header-display":"","ast-hfb-mobile-header-display":"","site-post-title":"","ast-breadcrumbs-content":"","ast-featured-img":"","footer-sml-layout":"","theme-transparent-header-meta":"","adv-header-id-meta":"","stick-header-meta":"","header-above-stick-meta":"","header-main-stick-meta":"","header-below-stick-meta":"","astra-migrate-meta-layouts":"default","ast-page-background-enabled":"default","ast-page-background-meta":{"desktop":{"background-color":"var(--ast-global-color-4)","background-image":"","background-repeat":"repeat","background-position":"center center","background-size":"auto","background-attachment":"scroll","background-type":"","background-media":"","overlay-type":"","overlay-color":"","overlay-opacity":"","overlay-gradient":""},"tablet":{"background-color":"","background-image":"","background-repeat":"repeat","background-position":"center center","background-size":"auto","background-attachment":"scroll","background-type":"","background-media":"","overlay-type":"","overlay-color":"","overlay-opacity":"","overlay-gradient":""},"mobile":{"background-color":"","background-image":"","background-repeat":"repeat","background-position":"center center","background-size":"auto","background-attachment":"scroll","background-type":"","background-media":"","overlay-type":"","overlay-color":"","overlay-opacity":"","overlay-gradient":""}},"ast-content-background-meta":{"desktop":{"background-color":"var(--ast-global-color-5)","background-image":"","background-repeat":"repeat","background-position":"center center","background-size":"auto","background-attachment":"scroll","background-type":"","background-media":"","overlay-type":"","overlay-color":"","overlay-opacity":"","overlay-gradient":""},"tablet":{"background-color":"var(--ast-global-color-5)","background-image":"","background-repeat":"repeat","background-position":"center center","background-size":"auto","background-attachment":"scroll","background-type":"","background-media":"","overlay-type":"","overlay-color":"","overlay-opacity":"","overlay-gradient":""},"mobile":{"background-color":"var(--ast-global-color-5)","background-image":"","background-repeat":"repeat","background-position":"center center","background-size":"auto","background-attachment":"scroll","background-type":"","background-media":"","overlay-type":"","overlay-color":"","overlay-opacity":"","overlay-gradient":""}},"footnotes":""},"class_list":["post-93","page","type-page","status-publish","hentry"],"_links":{"self":[{"href":"https:\/\/www.schwimmverein-friedrichsthal.de\/index.php?rest_route=\/wp\/v2\/pages\/93"}],"collection":[{"href":"https:\/\/www.schwimmverein-friedrichsthal.de\/index.php?rest_route=\/wp\/v2\/pages"}],"about":[{"href":"https:\/\/www.schwimmverein-friedrichsthal.de\/index.php?rest_route=\/wp\/v2\/types\/page"}],"author":[{"embeddable":true,"href":"https:\/\/www.schwimmverein-friedrichsthal.de\/index.php?rest_route=\/wp\/v2\/users\/1"}],"replies":[{"embeddable":true,"href":"https:\/\/www.schwimmverein-friedrichsthal.de\/index.php?rest_route=%2Fwp%2Fv2%2Fcomments&post=93"}],"version-history":[{"count":5,"href":"https:\/\/www.schwimmverein-friedrichsthal.de\/index.php?rest_route=\/wp\/v2\/pages\/93\/revisions"}],"predecessor-version":[{"id":4924,"href":"https:\/\/www.schwimmverein-friedrichsthal.de\/index.php?rest_route=\/wp\/v2\/pages\/93\/revisions\/4924"}],"up":[{"embeddable":true,"href":"https:\/\/www.schwimmverein-friedrichsthal.de\/index.php?rest_route=\/wp\/v2\/pages\/11"}],"wp:attachment":[{"href":"https:\/\/www.schwimmverein-friedrichsthal.de\/index.php?rest_route=%2Fwp%2Fv2%2Fmedia&parent=93"}],"curies":[{"name":"wp","href":"https:\/\/api.w.org\/{rel}","templated":true}]}}